{"id":5,"date":"2021-02-09T14:26:07","date_gmt":"2021-02-09T14:26:07","guid":{"rendered":"https:\/\/glg.jak.com.co\/?page_id=3"},"modified":"2021-02-16T23:41:19","modified_gmt":"2021-02-16T23:41:19","slug":"aviso-de-cookies","status":"publish","type":"page","link":"https:\/\/gonzalezlawyersgroup.com\/es\/aviso-de-cookies\/","title":{"rendered":"Aviso de cookies"},"content":{"rendered":"\t\t<div data-elementor-type=\"wp-page\" data-elementor-id=\"5\" class=\"elementor elementor-5\" data-elementor-post-type=\"page\">\n\t\t\t\t\t\t<section class=\"elementor-section elementor-top-section elementor-element elementor-element-8106330 elementor-section-full_width elementor-section-height-default elementor-section-height-default\" data-id=\"8106330\" data-element_type=\"section\">\n\t\t\t\t\t\t<div class=\"elementor-container elementor-column-gap-no\">\n\t\t\t\t\t<div class=\"elementor-column elementor-col-100 elementor-top-column elementor-element elementor-element-0658841\" data-id=\"0658841\" data-element_type=\"column\">\n\t\t\t<div class=\"elementor-widget-wrap elementor-element-populated\">\n\t\t\t\t\t\t<div class=\"elementor-element elementor-element-4bd4d6f elementor--h-position-left elementor--v-position-middle elementor-arrows-position-inside elementor-pagination-position-inside elementor-widget elementor-widget-slides\" data-id=\"4bd4d6f\" data-element_type=\"widget\" data-settings=\"{&quot;navigation&quot;:&quot;both&quot;,&quot;autoplay&quot;:&quot;yes&quot;,&quot;pause_on_hover&quot;:&quot;yes&quot;,&quot;pause_on_interaction&quot;:&quot;yes&quot;,&quot;autoplay_speed&quot;:5000,&quot;infinite&quot;:&quot;yes&quot;,&quot;transition&quot;:&quot;slide&quot;,&quot;transition_speed&quot;:500}\" data-widget_type=\"slides.default\">\n\t\t\t\t<div class=\"elementor-widget-container\">\n\t\t\t\t\t\t\t\t\t<div class=\"elementor-swiper\">\n\t\t\t\t\t<div class=\"elementor-slides-wrapper elementor-main-swiper swiper\" role=\"region\" aria-roledescription=\"carousel\" aria-label=\"Diapositivas\" dir=\"ltr\" data-animation=\"fadeInUp\">\n\t\t\t\t<div class=\"swiper-wrapper elementor-slides\">\n\t\t\t\t\t\t\t\t\t\t<div class=\"elementor-repeater-item-1ea25e1 swiper-slide\" role=\"group\" aria-roledescription=\"slide\"><div class=\"swiper-slide-bg elementor-ken-burns elementor-ken-burns--out\" role=\"img\"><\/div><div class=\"elementor-background-overlay\"><\/div><div class=\"swiper-slide-inner\" ><div class=\"swiper-slide-contents\"><div class=\"elementor-slide-heading\">Aviso de cookies<\/div><\/div><\/div><\/div>\t\t\t\t<\/div>\n\t\t\t\t\t\t\t<\/div>\n\t\t\t\t<\/div>\n\t\t\t\t\t\t\t\t<\/div>\n\t\t\t\t<\/div>\n\t\t\t\t\t<\/div>\n\t\t<\/div>\n\t\t\t\t\t<\/div>\n\t\t<\/section>\n\t\t\t\t<section class=\"elementor-section elementor-top-section elementor-element elementor-element-7cfcbf92 elementor-section-boxed elementor-section-height-default elementor-section-height-default\" data-id=\"7cfcbf92\" data-element_type=\"section\">\n\t\t\t\t\t\t<div class=\"elementor-container elementor-column-gap-default\">\n\t\t\t\t\t<div class=\"elementor-column elementor-col-100 elementor-top-column elementor-element elementor-element-1b000764\" data-id=\"1b000764\" data-element_type=\"column\">\n\t\t\t<div class=\"elementor-widget-wrap elementor-element-populated\">\n\t\t\t\t\t\t<div class=\"elementor-element elementor-element-35b48428 elementor-widget elementor-widget-text-editor\" data-id=\"35b48428\" data-element_type=\"widget\" data-widget_type=\"text-editor.default\">\n\t\t\t\t<div class=\"elementor-widget-container\">\n\t\t\t\t\t\t\t\t\t<p><span style=\"color: #333333;\">El acceso al sitio web <a style=\"color: #333333;\" href=\"https:\/\/gonzalezlawyersgroup.com\/\">www.gonzalezlawyersgroup.com<\/a> puede implicar la utilizaci\u00f3n de cookies, Las cookies son peque\u00f1as cantidades de informaci\u00f3n que se almacenan en el navegador utilizado por cada usuario para que el servidor recuerde cierta informaci\u00f3n que posteriormente pueda utilizar. Esta informaci\u00f3n permite identificarle a usted como un usuario concreto y permite guardar sus preferencias personales, as\u00ed como informaci\u00f3n t\u00e9cnica como puedan ser visitas o p\u00e1ginas concretas que visite.<\/span><\/p>\n<p><span style=\"color: #333333;\">En el caso concreto nuestro, tenemos que el servidor adiciona un archivo de texto peque\u00f1o (\u00abcookie\u00bb) al disco duro de su computador. Esa \u00abcookie\u00bb es \u00fanica para cada Usuario y, simplemente, se\u00f1ala si ya ha estado en nuestro sitio. Su navegador env\u00eda estas cookies de nuevo a este Sitio Web en cada visita posterior para que pueda reconocerle y recordar cosas como las preferencias de usuario.<\/span><br \/><span style=\"color: #333333;\">Al utilizar este Sitio Web, usted acepta el uso de cookies, como se describe en este Aviso de Uso de Cookies. Sin embargo, usted puede controlar y administrar las cookies de distintas maneras. Considere que al eliminar o bloquear las cookies puede repercutir en el uso de del sitio, ya que no podr\u00e1 acceder completamente a \u00e9l.<\/span><\/p>\n<h2><span style=\"color: #333333;\">\u00bfPara que usamos las Cookies?<\/span><\/h2>\n<p><span style=\"color: #333333;\">Es importante resaltar que las \u00abcookies\u00bb son seguras, puesto que no pueden ser ejecutadas como programas y no se pueden utilizar para enviar alg\u00fan tipo de virus.<\/span><br \/><span style=\"color: #333333;\">Nuestras \u201ccookies\u201d son usadas para:<\/span><\/p>\n<ul>\n<li><span style=\"color: #333333;\">Identificar cada computador.<\/span><\/li>\n<li><span style=\"color: #333333;\">Elaborar estad\u00edsticas an\u00f3nimas de h\u00e1bitos de uso de la web, por parte de nuestros visitantes.<\/span><\/li>\n<li><span style=\"color: #333333;\">Tambi\u00e9n los utilizamos para ayudarnos a entender la eficacia de nuestro contenido y saber qu\u00e9 es lo que interesa a nuestros usuarios, con la finalidad de mejorar el funcionamiento de este Sitio Web.<\/span><\/li>\n<\/ul>\n<h1><span style=\"color: #333333;\">\u00bfC\u00f3mo administrar las cookies?<\/span><\/h1>\n<p><span style=\"color: #333333;\">La mayor parte de los navegadores de hoy en d\u00eda permiten la gesti\u00f3n de las cookies de 3 formas diferenteS:<\/span><\/p>\n<ol>\n<li><span style=\"color: #333333;\">Las cookies no se aceptan nunca.<\/span><\/li>\n<li><span style=\"color: #333333;\">El navegador pregunta al usuario si se debe aceptar cada cookie.<\/span><\/li>\n<li><span style=\"color: #333333;\">Las cookies se aceptan siempre.<\/span><\/li>\n<\/ol>\n<p><span style=\"color: #333333;\">El navegador tambi\u00e9n puede incluir la posibilidad de especificar mejor qu\u00e9 cookies tienen que ser aceptadas y cu\u00e1les no. En concreto, el usuario puede normalmente aceptar alguna de las siguientes opciones: rechazar las cookies de determinados dominios; rechazar las cookies de terceros; aceptar cookies como no persistentes (se eliminan cuando el navegador se cierra); permitir al servidor crear cookies para un dominio diferente. Adem\u00e1s, los navegadores pueden tambi\u00e9n permitir a los usuarios ver y borrar cookies individualmente.<\/span><\/p>\n<h1><span style=\"color: #333333;\">Consecuencias de desactivar todas las cookies<\/span><\/h1>\n<p><span style=\"color: #333333;\">Si decide desactivar las cookies, puede seguir utilizando ciertas partes de nuestro Sitio. Sin embargo, dependiendo de qu\u00e9 cookies desactive, es posible que algunas funciones \u00fatiles dejen de funcionar Tenga en cuenta que si desactiv\u00f3 una o m\u00e1s cookies, puede que sigamos utilizando la informaci\u00f3n que hemos recopilado mediante esas cookies antes de que las desactivara. No obstante, una vez que haya desactivado una cookie, dejaremos de recopilar cualquier informaci\u00f3n mediante esa cookie.<\/span><\/p>\n<h1><span style=\"color: #333333;\">Cambios en el Aviso de cookies<\/span><\/h1>\n<p><span style=\"color: #333333;\">Este Aviso puede estar sujeto a revisiones peri\u00f3dicas. Todo cambio realizado se indicar\u00e1 en este Sitio. Vuelva a revisar este Aviso de cookies con frecuencia para mantenerse informado acerca de nuestro uso de las cookies. Si tiene alguna duda, comun\u00edquese con nosotros seg\u00fan se explica a continuaci\u00f3n.<\/span><\/p>\n<h1><span style=\"color: #333333;\">Comun\u00edquese con nosotros<\/span><\/h1>\n<p><span style=\"color: #333333;\">Si tiene preguntas sobre el uso de cookies en nuestro Sitio, comun\u00edquese con nosotros a trav\u00e9s de un correo electr\u00f3nico a: <a href=\"mailto:asesorias@gonzalezlawyersgroup.com\">asesorias@gonzalezlawyersgroup.com<\/a>.Tambi\u00e9n encontrar\u00e1 m\u00e1s informaci\u00f3n general acerca de los tipos de informaci\u00f3n que recopilamos sobre usted y c\u00f3mo puedes ejercer sus derechos de privacidad de datos en nuestra Pol\u00edtica de tratamiento de datos.<\/span><\/p>\t\t\t\t\t\t\t\t<\/div>\n\t\t\t\t<\/div>\n\t\t\t\t\t<\/div>\n\t\t<\/div>\n\t\t\t\t\t<\/div>\n\t\t<\/section>\n\t\t\t\t<\/div>\n\t\t","protected":false},"excerpt":{"rendered":"<p>Aviso de cookies El acceso al sitio web www.gonzalezlawyersgroup.com puede implicar la utilizaci\u00f3n de cookies, Las cookies son peque\u00f1as cantidades de informaci\u00f3n que se almacenan en el navegador utilizado por cada usuario para que el servidor recuerde cierta informaci\u00f3n que posteriormente pueda utilizar. Esta informaci\u00f3n permite identificarle a usted como un usuario concreto y permite [&hellip;]<\/p>\n","protected":false},"author":1,"featured_media":0,"parent":0,"menu_order":0,"comment_status":"closed","ping_status":"closed","template":"elementor_header_footer","meta":{"_joinchat":[],"footnotes":""},"class_list":["post-5","page","type-page","status-publish","hentry"],"yoast_head":"<!-- This site is optimized with the Yoast SEO plugin v24.8.1 - https:\/\/yoast.com\/wordpress\/plugins\/seo\/ -->\n<title>Aviso de cookies &#8211; Gonzalez Lawyers Group<\/title>\n<meta name=\"robots\" content=\"index, follow, max-snippet:-1, max-image-preview:large, max-video-preview:-1\" \/>\n<link rel=\"canonical\" href=\"https:\/\/gonzalezlawyersgroup.com\/es\/aviso-de-cookies\/\" \/>\n<meta property=\"og:locale\" content=\"es_ES\" \/>\n<meta property=\"og:type\" content=\"article\" \/>\n<meta property=\"og:title\" content=\"Aviso de cookies &#8211; Gonzalez Lawyers Group\" \/>\n<meta property=\"og:description\" content=\"Aviso de cookies El acceso al sitio web www.gonzalezlawyersgroup.com puede implicar la utilizaci\u00f3n de cookies, Las cookies son peque\u00f1as cantidades de informaci\u00f3n que se almacenan en el navegador utilizado por cada usuario para que el servidor recuerde cierta informaci\u00f3n que posteriormente pueda utilizar. Esta informaci\u00f3n permite identificarle a usted como un usuario concreto y permite [&hellip;]\" \/>\n<meta property=\"og:url\" content=\"https:\/\/gonzalezlawyersgroup.com\/es\/aviso-de-cookies\/\" \/>\n<meta property=\"og:site_name\" content=\"Gonzalez Lawyers Group\" \/>\n<meta property=\"article:modified_time\" content=\"2021-02-16T23:41:19+00:00\" \/>\n<meta name=\"twitter:card\" content=\"summary_large_image\" \/>\n<meta name=\"twitter:label1\" content=\"Tiempo de lectura\" \/>\n\t<meta name=\"twitter:data1\" content=\"3 minutos\" \/>\n<script type=\"application\/ld+json\" class=\"yoast-schema-graph\">{\"@context\":\"https:\/\/schema.org\",\"@graph\":[{\"@type\":\"WebPage\",\"@id\":\"https:\/\/gonzalezlawyersgroup.com\/aviso-de-cookies\/\",\"url\":\"https:\/\/gonzalezlawyersgroup.com\/aviso-de-cookies\/\",\"name\":\"Aviso de cookies &#8211; Gonzalez Lawyers Group\",\"isPartOf\":{\"@id\":\"https:\/\/gonzalezlawyersgroup.com\/es\/#website\"},\"datePublished\":\"2021-02-09T14:26:07+00:00\",\"dateModified\":\"2021-02-16T23:41:19+00:00\",\"breadcrumb\":{\"@id\":\"https:\/\/gonzalezlawyersgroup.com\/aviso-de-cookies\/#breadcrumb\"},\"inLanguage\":\"es\",\"potentialAction\":[{\"@type\":\"ReadAction\",\"target\":[\"https:\/\/gonzalezlawyersgroup.com\/aviso-de-cookies\/\"]}]},{\"@type\":\"BreadcrumbList\",\"@id\":\"https:\/\/gonzalezlawyersgroup.com\/aviso-de-cookies\/#breadcrumb\",\"itemListElement\":[{\"@type\":\"ListItem\",\"position\":1,\"name\":\"Home\",\"item\":\"https:\/\/gonzalezlawyersgroup.com\/\"},{\"@type\":\"ListItem\",\"position\":2,\"name\":\"Aviso de cookies\"}]},{\"@type\":\"WebSite\",\"@id\":\"https:\/\/gonzalezlawyersgroup.com\/es\/#website\",\"url\":\"https:\/\/gonzalezlawyersgroup.com\/es\/\",\"name\":\"Gonzalez Lawyers Group\",\"description\":\"Asesor\u00edas Juridicas Integrales\",\"publisher\":{\"@id\":\"https:\/\/gonzalezlawyersgroup.com\/es\/#organization\"},\"alternateName\":\"Gonzalez Lawyers Group\",\"potentialAction\":[{\"@type\":\"SearchAction\",\"target\":{\"@type\":\"EntryPoint\",\"urlTemplate\":\"https:\/\/gonzalezlawyersgroup.com\/es\/?s={search_term_string}\"},\"query-input\":{\"@type\":\"PropertyValueSpecification\",\"valueRequired\":true,\"valueName\":\"search_term_string\"}}],\"inLanguage\":\"es\"},{\"@type\":\"Organization\",\"@id\":\"https:\/\/gonzalezlawyersgroup.com\/es\/#organization\",\"name\":\"Gonzalez Lawyers Group\",\"alternateName\":\"Gonzalez Lawyers Group\",\"url\":\"https:\/\/gonzalezlawyersgroup.com\/es\/\",\"logo\":{\"@type\":\"ImageObject\",\"inLanguage\":\"es\",\"@id\":\"https:\/\/gonzalezlawyersgroup.com\/es\/#\/schema\/logo\/image\/\",\"url\":\"https:\/\/gonzalezlawyersgroup.com\/wp-content\/uploads\/2021\/02\/logo-glg-white-9.png\",\"contentUrl\":\"https:\/\/gonzalezlawyersgroup.com\/wp-content\/uploads\/2021\/02\/logo-glg-white-9.png\",\"width\":191,\"height\":87,\"caption\":\"Gonzalez Lawyers Group\"},\"image\":{\"@id\":\"https:\/\/gonzalezlawyersgroup.com\/es\/#\/schema\/logo\/image\/\"}}]}<\/script>\n<!-- \/ Yoast SEO plugin. -->","yoast_head_json":{"title":"Aviso de cookies &#8211; Gonzalez Lawyers Group","robots":{"index":"index","follow":"follow","max-snippet":"max-snippet:-1","max-image-preview":"max-image-preview:large","max-video-preview":"max-video-preview:-1"},"canonical":"https:\/\/gonzalezlawyersgroup.com\/es\/aviso-de-cookies\/","og_locale":"es_ES","og_type":"article","og_title":"Aviso de cookies &#8211; Gonzalez Lawyers Group","og_description":"Aviso de cookies El acceso al sitio web www.gonzalezlawyersgroup.com puede implicar la utilizaci\u00f3n de cookies, Las cookies son peque\u00f1as cantidades de informaci\u00f3n que se almacenan en el navegador utilizado por cada usuario para que el servidor recuerde cierta informaci\u00f3n que posteriormente pueda utilizar. Esta informaci\u00f3n permite identificarle a usted como un usuario concreto y permite [&hellip;]","og_url":"https:\/\/gonzalezlawyersgroup.com\/es\/aviso-de-cookies\/","og_site_name":"Gonzalez Lawyers Group","article_modified_time":"2021-02-16T23:41:19+00:00","twitter_card":"summary_large_image","twitter_misc":{"Tiempo de lectura":"3 minutos"},"schema":{"@context":"https:\/\/schema.org","@graph":[{"@type":"WebPage","@id":"https:\/\/gonzalezlawyersgroup.com\/aviso-de-cookies\/","url":"https:\/\/gonzalezlawyersgroup.com\/aviso-de-cookies\/","name":"Aviso de cookies &#8211; Gonzalez Lawyers Group","isPartOf":{"@id":"https:\/\/gonzalezlawyersgroup.com\/es\/#website"},"datePublished":"2021-02-09T14:26:07+00:00","dateModified":"2021-02-16T23:41:19+00:00","breadcrumb":{"@id":"https:\/\/gonzalezlawyersgroup.com\/aviso-de-cookies\/#breadcrumb"},"inLanguage":"es","potentialAction":[{"@type":"ReadAction","target":["https:\/\/gonzalezlawyersgroup.com\/aviso-de-cookies\/"]}]},{"@type":"BreadcrumbList","@id":"https:\/\/gonzalezlawyersgroup.com\/aviso-de-cookies\/#breadcrumb","itemListElement":[{"@type":"ListItem","position":1,"name":"Home","item":"https:\/\/gonzalezlawyersgroup.com\/"},{"@type":"ListItem","position":2,"name":"Aviso de cookies"}]},{"@type":"WebSite","@id":"https:\/\/gonzalezlawyersgroup.com\/es\/#website","url":"https:\/\/gonzalezlawyersgroup.com\/es\/","name":"Gonzalez Lawyers Group","description":"Asesor\u00edas Juridicas Integrales","publisher":{"@id":"https:\/\/gonzalezlawyersgroup.com\/es\/#organization"},"alternateName":"Gonzalez Lawyers Group","potentialAction":[{"@type":"SearchAction","target":{"@type":"EntryPoint","urlTemplate":"https:\/\/gonzalezlawyersgroup.com\/es\/?s={search_term_string}"},"query-input":{"@type":"PropertyValueSpecification","valueRequired":true,"valueName":"search_term_string"}}],"inLanguage":"es"},{"@type":"Organization","@id":"https:\/\/gonzalezlawyersgroup.com\/es\/#organization","name":"Gonzalez Lawyers Group","alternateName":"Gonzalez Lawyers Group","url":"https:\/\/gonzalezlawyersgroup.com\/es\/","logo":{"@type":"ImageObject","inLanguage":"es","@id":"https:\/\/gonzalezlawyersgroup.com\/es\/#\/schema\/logo\/image\/","url":"https:\/\/gonzalezlawyersgroup.com\/wp-content\/uploads\/2021\/02\/logo-glg-white-9.png","contentUrl":"https:\/\/gonzalezlawyersgroup.com\/wp-content\/uploads\/2021\/02\/logo-glg-white-9.png","width":191,"height":87,"caption":"Gonzalez Lawyers Group"},"image":{"@id":"https:\/\/gonzalezlawyersgroup.com\/es\/#\/schema\/logo\/image\/"}}]}},"_links":{"self":[{"href":"https:\/\/gonzalezlawyersgroup.com\/es\/wp-json\/wp\/v2\/pages\/5","targetHints":{"allow":["GET"]}}],"collection":[{"href":"https:\/\/gonzalezlawyersgroup.com\/es\/wp-json\/wp\/v2\/pages"}],"about":[{"href":"https:\/\/gonzalezlawyersgroup.com\/es\/wp-json\/wp\/v2\/types\/page"}],"author":[{"embeddable":true,"href":"https:\/\/gonzalezlawyersgroup.com\/es\/wp-json\/wp\/v2\/users\/1"}],"replies":[{"embeddable":true,"href":"https:\/\/gonzalezlawyersgroup.com\/es\/wp-json\/wp\/v2\/comments?post=5"}],"version-history":[{"count":11,"href":"https:\/\/gonzalezlawyersgroup.com\/es\/wp-json\/wp\/v2\/pages\/5\/revisions"}],"predecessor-version":[{"id":856,"href":"https:\/\/gonzalezlawyersgroup.com\/es\/wp-json\/wp\/v2\/pages\/5\/revisions\/856"}],"wp:attachment":[{"href":"https:\/\/gonzalezlawyersgroup.com\/es\/wp-json\/wp\/v2\/media?parent=5"}],"curies":[{"name":"wp","href":"https:\/\/api.w.org\/{rel}","templated":true}]}}