{"id":369,"date":"2021-02-11T00:05:23","date_gmt":"2021-02-11T00:05:23","guid":{"rendered":"https:\/\/glg.jak.com.co\/?page_id=369"},"modified":"2022-12-12T11:18:32","modified_gmt":"2022-12-12T16:18:32","slug":"luisa-fernanda-ortega","status":"publish","type":"page","link":"https:\/\/gonzalezlawyersgroup.com\/es\/quienes-somos\/luisa-fernanda-ortega\/","title":{"rendered":"Luisa Fernanda Ortega"},"content":{"rendered":"\t\t<div data-elementor-type=\"wp-page\" data-elementor-id=\"369\" class=\"elementor elementor-369\" data-elementor-post-type=\"page\">\n\t\t\t\t\t\t<section class=\"elementor-section elementor-top-section elementor-element elementor-element-6753fd13 elementor-section-full_width elementor-section-height-default elementor-section-height-default\" data-id=\"6753fd13\" data-element_type=\"section\">\n\t\t\t\t\t\t<div class=\"elementor-container elementor-column-gap-no\">\n\t\t\t\t\t<div class=\"elementor-column elementor-col-100 elementor-top-column elementor-element elementor-element-68142fcb\" data-id=\"68142fcb\" data-element_type=\"column\">\n\t\t\t<div class=\"elementor-widget-wrap elementor-element-populated\">\n\t\t\t\t\t\t<div class=\"elementor-element elementor-element-6440240d elementor--h-position-left elementor--v-position-middle elementor-arrows-position-inside elementor-pagination-position-inside elementor-widget elementor-widget-slides\" data-id=\"6440240d\" data-element_type=\"widget\" data-settings=\"{&quot;navigation&quot;:&quot;both&quot;,&quot;autoplay&quot;:&quot;yes&quot;,&quot;pause_on_hover&quot;:&quot;yes&quot;,&quot;pause_on_interaction&quot;:&quot;yes&quot;,&quot;autoplay_speed&quot;:5000,&quot;infinite&quot;:&quot;yes&quot;,&quot;transition&quot;:&quot;slide&quot;,&quot;transition_speed&quot;:500}\" data-widget_type=\"slides.default\">\n\t\t\t\t<div class=\"elementor-widget-container\">\n\t\t\t\t\t\t\t\t\t<div class=\"elementor-swiper\">\n\t\t\t\t\t<div class=\"elementor-slides-wrapper elementor-main-swiper swiper\" role=\"region\" aria-roledescription=\"carousel\" aria-label=\"Diapositivas\" dir=\"ltr\" data-animation=\"fadeInUp\">\n\t\t\t\t<div class=\"swiper-wrapper elementor-slides\">\n\t\t\t\t\t\t\t\t\t\t<div class=\"elementor-repeater-item-1ea25e1 swiper-slide\" role=\"group\" aria-roledescription=\"slide\"><div class=\"swiper-slide-bg elementor-ken-burns elementor-ken-burns--out\" role=\"img\"><\/div><div class=\"elementor-background-overlay\"><\/div><div class=\"swiper-slide-inner\" ><div class=\"swiper-slide-contents\"><div class=\"elementor-slide-heading\"><a style=\"color:#fff!important;\" href=\"https:\/\/gonzalezlawyersgroup.com\/quienes-somos\/#nuestroEquipo\">Nuestro Equipo<\/a><\/div><\/div><\/div><\/div>\t\t\t\t<\/div>\n\t\t\t\t\t\t\t<\/div>\n\t\t\t\t<\/div>\n\t\t\t\t\t\t\t\t<\/div>\n\t\t\t\t<\/div>\n\t\t\t\t\t<\/div>\n\t\t<\/div>\n\t\t\t\t\t<\/div>\n\t\t<\/section>\n\t\t\t\t<section class=\"elementor-section elementor-top-section elementor-element elementor-element-4e939886 elementor-section-boxed elementor-section-height-default elementor-section-height-default\" data-id=\"4e939886\" data-element_type=\"section\">\n\t\t\t\t\t\t<div class=\"elementor-container elementor-column-gap-default\">\n\t\t\t\t\t<div class=\"elementor-column elementor-col-50 elementor-top-column elementor-element elementor-element-1b3fd6b0\" data-id=\"1b3fd6b0\" data-element_type=\"column\">\n\t\t\t<div class=\"elementor-widget-wrap elementor-element-populated\">\n\t\t\t\t\t\t<div class=\"elementor-element elementor-element-bed8b46 elementor-widget elementor-widget-image\" data-id=\"bed8b46\" data-element_type=\"widget\" data-widget_type=\"image.default\">\n\t\t\t\t<div class=\"elementor-widget-container\">\n\t\t\t\t\t\t\t\t\t\t\t\t\t\t\t<img fetchpriority=\"high\" decoding=\"async\" width=\"696\" height=\"762\" src=\"https:\/\/gonzalezlawyersgroup.com\/wp-content\/uploads\/2022\/12\/WhatsApp-Image-2022-12-12-at-10.53.42-AM.jpeg\" class=\"attachment-medium_large size-medium_large wp-image-1272\" alt=\"\" srcset=\"https:\/\/gonzalezlawyersgroup.com\/wp-content\/uploads\/2022\/12\/WhatsApp-Image-2022-12-12-at-10.53.42-AM.jpeg 696w, https:\/\/gonzalezlawyersgroup.com\/wp-content\/uploads\/2022\/12\/WhatsApp-Image-2022-12-12-at-10.53.42-AM-274x300.jpeg 274w, https:\/\/gonzalezlawyersgroup.com\/wp-content\/uploads\/2022\/12\/WhatsApp-Image-2022-12-12-at-10.53.42-AM-11x12.jpeg 11w\" sizes=\"(max-width: 696px) 100vw, 696px\" \/>\t\t\t\t\t\t\t\t\t\t\t\t\t\t\t<\/div>\n\t\t\t\t<\/div>\n\t\t\t\t<div class=\"elementor-element elementor-element-66f6954b elementor-widget elementor-widget-text-editor\" data-id=\"66f6954b\" data-element_type=\"widget\" data-widget_type=\"text-editor.default\">\n\t\t\t\t<div class=\"elementor-widget-container\">\n\t\t\t\t\t\t\t\t\t<p><span style=\"color: #333333;\"><strong>T\u00edtulos Acad\u00e9micos:<\/strong><\/span><\/p><p><span style=\"color: #333333;\">PG: Derecho. Universidad Autonoma del Caribe, Colombia.<\/span><\/p>\t\t\t\t\t\t\t\t<\/div>\n\t\t\t\t<\/div>\n\t\t\t\t\t<\/div>\n\t\t<\/div>\n\t\t\t\t<div class=\"elementor-column elementor-col-50 elementor-top-column elementor-element elementor-element-4f9a76e9\" data-id=\"4f9a76e9\" data-element_type=\"column\">\n\t\t\t<div class=\"elementor-widget-wrap elementor-element-populated\">\n\t\t\t\t\t\t<div class=\"elementor-element elementor-element-38db395c elementor-widget elementor-widget-heading\" data-id=\"38db395c\" data-element_type=\"widget\" data-widget_type=\"heading.default\">\n\t\t\t\t<div class=\"elementor-widget-container\">\n\t\t\t\t\t<h2 class=\"elementor-heading-title elementor-size-medium\">Lilia Barbosa Pinz\u00f3n<br>Abogada<\/h2>\t\t\t\t<\/div>\n\t\t\t\t<\/div>\n\t\t\t\t<div class=\"elementor-element elementor-element-58103c7c elementor-widget elementor-widget-text-editor\" data-id=\"58103c7c\" data-element_type=\"widget\" data-widget_type=\"text-editor.default\">\n\t\t\t\t<div class=\"elementor-widget-container\">\n\t\t\t\t\t\t\t\t\t<p><span style=\"color: #333333;\">Lilia cuenta con 4 a\u00f1os de experiencia, desempe\u00f1andose como Abogada Senior de nuestra firma de abogados, especialmente atendiendo el \u00e1rea del derecho laboral y civil.<\/span><\/p><p><span style=\"color: #333333;\">Es una de las abogadas que brinda soporte juridico y legal a nuestros clientes de manera presencial y virtual; en ese rol, asiste a las diferentes diligencias programadas en los despachos judiciales del distrito de Barranquilla y sus Municipios, e imparte aprobaci\u00f3n a nivel legal, a todos aquellas respuestas de peticiones que resulten de nuestro acompa\u00f1amiento tanto a personas juridicas como a personas naturales; entre otras tareas.<\/span><\/p>\t\t\t\t\t\t\t\t<\/div>\n\t\t\t\t<\/div>\n\t\t\t\t\t<\/div>\n\t\t<\/div>\n\t\t\t\t\t<\/div>\n\t\t<\/section>\n\t\t\t\t<\/div>\n\t\t","protected":false},"excerpt":{"rendered":"<p>Nuestro Equipo T\u00edtulos Acad\u00e9micos: PG: Derecho. Universidad Autonoma del Caribe, Colombia. Lilia Barbosa Pinz\u00f3nAbogada Lilia cuenta con 4 a\u00f1os de experiencia, desempe\u00f1andose como Abogada Senior de nuestra firma de abogados, especialmente atendiendo el \u00e1rea del derecho laboral y civil. Es una de las abogadas que brinda soporte juridico y legal a nuestros clientes de manera [&hellip;]<\/p>\n","protected":false},"author":1,"featured_media":0,"parent":11,"menu_order":0,"comment_status":"closed","ping_status":"closed","template":"elementor_header_footer","meta":{"_joinchat":[],"footnotes":""},"class_list":["post-369","page","type-page","status-publish","hentry"],"yoast_head":"<!-- This site is optimized with the Yoast SEO plugin v24.8.1 - https:\/\/yoast.com\/wordpress\/plugins\/seo\/ -->\n<title>Luisa Fernanda Ortega &#8211; Gonzalez Lawyers Group<\/title>\n<meta name=\"robots\" content=\"index, follow, max-snippet:-1, max-image-preview:large, max-video-preview:-1\" \/>\n<link rel=\"canonical\" href=\"https:\/\/gonzalezlawyersgroup.com\/es\/quienes-somos\/luisa-fernanda-ortega\/\" \/>\n<meta property=\"og:locale\" content=\"es_ES\" \/>\n<meta property=\"og:type\" content=\"article\" \/>\n<meta property=\"og:title\" content=\"Luisa Fernanda Ortega &#8211; Gonzalez Lawyers Group\" \/>\n<meta property=\"og:description\" content=\"Nuestro Equipo T\u00edtulos Acad\u00e9micos: PG: Derecho. Universidad Autonoma del Caribe, Colombia. Lilia Barbosa Pinz\u00f3nAbogada Lilia cuenta con 4 a\u00f1os de experiencia, desempe\u00f1andose como Abogada Senior de nuestra firma de abogados, especialmente atendiendo el \u00e1rea del derecho laboral y civil. Es una de las abogadas que brinda soporte juridico y legal a nuestros clientes de manera [&hellip;]\" \/>\n<meta property=\"og:url\" content=\"https:\/\/gonzalezlawyersgroup.com\/es\/quienes-somos\/luisa-fernanda-ortega\/\" \/>\n<meta property=\"og:site_name\" content=\"Gonzalez Lawyers Group\" \/>\n<meta property=\"article:modified_time\" content=\"2022-12-12T16:18:32+00:00\" \/>\n<meta property=\"og:image\" content=\"https:\/\/gonzalezlawyersgroup.com\/wp-content\/uploads\/2022\/12\/WhatsApp-Image-2022-12-12-at-10.53.42-AM.jpeg\" \/>\n<meta name=\"twitter:card\" content=\"summary_large_image\" \/>\n<meta name=\"twitter:label1\" content=\"Tiempo de lectura\" \/>\n\t<meta name=\"twitter:data1\" content=\"1 minuto\" \/>\n<script type=\"application\/ld+json\" class=\"yoast-schema-graph\">{\"@context\":\"https:\/\/schema.org\",\"@graph\":[{\"@type\":\"WebPage\",\"@id\":\"https:\/\/gonzalezlawyersgroup.com\/es\/quienes-somos\/luisa-fernanda-ortega\/\",\"url\":\"https:\/\/gonzalezlawyersgroup.com\/es\/quienes-somos\/luisa-fernanda-ortega\/\",\"name\":\"Luisa Fernanda Ortega &#8211; Gonzalez Lawyers Group\",\"isPartOf\":{\"@id\":\"https:\/\/gonzalezlawyersgroup.com\/es\/#website\"},\"primaryImageOfPage\":{\"@id\":\"https:\/\/gonzalezlawyersgroup.com\/es\/quienes-somos\/luisa-fernanda-ortega\/#primaryimage\"},\"image\":{\"@id\":\"https:\/\/gonzalezlawyersgroup.com\/es\/quienes-somos\/luisa-fernanda-ortega\/#primaryimage\"},\"thumbnailUrl\":\"https:\/\/gonzalezlawyersgroup.com\/wp-content\/uploads\/2022\/12\/WhatsApp-Image-2022-12-12-at-10.53.42-AM.jpeg\",\"datePublished\":\"2021-02-11T00:05:23+00:00\",\"dateModified\":\"2022-12-12T16:18:32+00:00\",\"breadcrumb\":{\"@id\":\"https:\/\/gonzalezlawyersgroup.com\/es\/quienes-somos\/luisa-fernanda-ortega\/#breadcrumb\"},\"inLanguage\":\"es\",\"potentialAction\":[{\"@type\":\"ReadAction\",\"target\":[\"https:\/\/gonzalezlawyersgroup.com\/es\/quienes-somos\/luisa-fernanda-ortega\/\"]}]},{\"@type\":\"ImageObject\",\"inLanguage\":\"es\",\"@id\":\"https:\/\/gonzalezlawyersgroup.com\/es\/quienes-somos\/luisa-fernanda-ortega\/#primaryimage\",\"url\":\"https:\/\/gonzalezlawyersgroup.com\/wp-content\/uploads\/2022\/12\/WhatsApp-Image-2022-12-12-at-10.53.42-AM.jpeg\",\"contentUrl\":\"https:\/\/gonzalezlawyersgroup.com\/wp-content\/uploads\/2022\/12\/WhatsApp-Image-2022-12-12-at-10.53.42-AM.jpeg\"},{\"@type\":\"BreadcrumbList\",\"@id\":\"https:\/\/gonzalezlawyersgroup.com\/es\/quienes-somos\/luisa-fernanda-ortega\/#breadcrumb\",\"itemListElement\":[{\"@type\":\"ListItem\",\"position\":1,\"name\":\"Home\",\"item\":\"https:\/\/gonzalezlawyersgroup.com\/\"},{\"@type\":\"ListItem\",\"position\":2,\"name\":\"Qui\u00e9nes somos\",\"item\":\"https:\/\/gonzalezlawyersgroup.com\/es\/quienes-somos\/\"},{\"@type\":\"ListItem\",\"position\":3,\"name\":\"Luisa Fernanda Ortega\"}]},{\"@type\":\"WebSite\",\"@id\":\"https:\/\/gonzalezlawyersgroup.com\/es\/#website\",\"url\":\"https:\/\/gonzalezlawyersgroup.com\/es\/\",\"name\":\"Gonzalez Lawyers Group\",\"description\":\"Asesor\u00edas Juridicas Integrales\",\"publisher\":{\"@id\":\"https:\/\/gonzalezlawyersgroup.com\/es\/#organization\"},\"alternateName\":\"Gonzalez Lawyers Group\",\"potentialAction\":[{\"@type\":\"SearchAction\",\"target\":{\"@type\":\"EntryPoint\",\"urlTemplate\":\"https:\/\/gonzalezlawyersgroup.com\/es\/?s={search_term_string}\"},\"query-input\":{\"@type\":\"PropertyValueSpecification\",\"valueRequired\":true,\"valueName\":\"search_term_string\"}}],\"inLanguage\":\"es\"},{\"@type\":\"Organization\",\"@id\":\"https:\/\/gonzalezlawyersgroup.com\/es\/#organization\",\"name\":\"Gonzalez Lawyers Group\",\"alternateName\":\"Gonzalez Lawyers Group\",\"url\":\"https:\/\/gonzalezlawyersgroup.com\/es\/\",\"logo\":{\"@type\":\"ImageObject\",\"inLanguage\":\"es\",\"@id\":\"https:\/\/gonzalezlawyersgroup.com\/es\/#\/schema\/logo\/image\/\",\"url\":\"https:\/\/gonzalezlawyersgroup.com\/wp-content\/uploads\/2021\/02\/logo-glg-white-9.png\",\"contentUrl\":\"https:\/\/gonzalezlawyersgroup.com\/wp-content\/uploads\/2021\/02\/logo-glg-white-9.png\",\"width\":191,\"height\":87,\"caption\":\"Gonzalez Lawyers Group\"},\"image\":{\"@id\":\"https:\/\/gonzalezlawyersgroup.com\/es\/#\/schema\/logo\/image\/\"}}]}<\/script>\n<!-- \/ Yoast SEO plugin. -->","yoast_head_json":{"title":"Luisa Fernanda Ortega &#8211; Gonzalez Lawyers Group","robots":{"index":"index","follow":"follow","max-snippet":"max-snippet:-1","max-image-preview":"max-image-preview:large","max-video-preview":"max-video-preview:-1"},"canonical":"https:\/\/gonzalezlawyersgroup.com\/es\/quienes-somos\/luisa-fernanda-ortega\/","og_locale":"es_ES","og_type":"article","og_title":"Luisa Fernanda Ortega &#8211; Gonzalez Lawyers Group","og_description":"Nuestro Equipo T\u00edtulos Acad\u00e9micos: PG: Derecho. Universidad Autonoma del Caribe, Colombia. Lilia Barbosa Pinz\u00f3nAbogada Lilia cuenta con 4 a\u00f1os de experiencia, desempe\u00f1andose como Abogada Senior de nuestra firma de abogados, especialmente atendiendo el \u00e1rea del derecho laboral y civil. Es una de las abogadas que brinda soporte juridico y legal a nuestros clientes de manera [&hellip;]","og_url":"https:\/\/gonzalezlawyersgroup.com\/es\/quienes-somos\/luisa-fernanda-ortega\/","og_site_name":"Gonzalez Lawyers Group","article_modified_time":"2022-12-12T16:18:32+00:00","og_image":[{"url":"https:\/\/gonzalezlawyersgroup.com\/wp-content\/uploads\/2022\/12\/WhatsApp-Image-2022-12-12-at-10.53.42-AM.jpeg","type":"","width":"","height":""}],"twitter_card":"summary_large_image","twitter_misc":{"Tiempo de lectura":"1 minuto"},"schema":{"@context":"https:\/\/schema.org","@graph":[{"@type":"WebPage","@id":"https:\/\/gonzalezlawyersgroup.com\/es\/quienes-somos\/luisa-fernanda-ortega\/","url":"https:\/\/gonzalezlawyersgroup.com\/es\/quienes-somos\/luisa-fernanda-ortega\/","name":"Luisa Fernanda Ortega &#8211; Gonzalez Lawyers Group","isPartOf":{"@id":"https:\/\/gonzalezlawyersgroup.com\/es\/#website"},"primaryImageOfPage":{"@id":"https:\/\/gonzalezlawyersgroup.com\/es\/quienes-somos\/luisa-fernanda-ortega\/#primaryimage"},"image":{"@id":"https:\/\/gonzalezlawyersgroup.com\/es\/quienes-somos\/luisa-fernanda-ortega\/#primaryimage"},"thumbnailUrl":"https:\/\/gonzalezlawyersgroup.com\/wp-content\/uploads\/2022\/12\/WhatsApp-Image-2022-12-12-at-10.53.42-AM.jpeg","datePublished":"2021-02-11T00:05:23+00:00","dateModified":"2022-12-12T16:18:32+00:00","breadcrumb":{"@id":"https:\/\/gonzalezlawyersgroup.com\/es\/quienes-somos\/luisa-fernanda-ortega\/#breadcrumb"},"inLanguage":"es","potentialAction":[{"@type":"ReadAction","target":["https:\/\/gonzalezlawyersgroup.com\/es\/quienes-somos\/luisa-fernanda-ortega\/"]}]},{"@type":"ImageObject","inLanguage":"es","@id":"https:\/\/gonzalezlawyersgroup.com\/es\/quienes-somos\/luisa-fernanda-ortega\/#primaryimage","url":"https:\/\/gonzalezlawyersgroup.com\/wp-content\/uploads\/2022\/12\/WhatsApp-Image-2022-12-12-at-10.53.42-AM.jpeg","contentUrl":"https:\/\/gonzalezlawyersgroup.com\/wp-content\/uploads\/2022\/12\/WhatsApp-Image-2022-12-12-at-10.53.42-AM.jpeg"},{"@type":"BreadcrumbList","@id":"https:\/\/gonzalezlawyersgroup.com\/es\/quienes-somos\/luisa-fernanda-ortega\/#breadcrumb","itemListElement":[{"@type":"ListItem","position":1,"name":"Home","item":"https:\/\/gonzalezlawyersgroup.com\/"},{"@type":"ListItem","position":2,"name":"Qui\u00e9nes somos","item":"https:\/\/gonzalezlawyersgroup.com\/es\/quienes-somos\/"},{"@type":"ListItem","position":3,"name":"Luisa Fernanda Ortega"}]},{"@type":"WebSite","@id":"https:\/\/gonzalezlawyersgroup.com\/es\/#website","url":"https:\/\/gonzalezlawyersgroup.com\/es\/","name":"Gonzalez Lawyers Group","description":"Asesor\u00edas Juridicas Integrales","publisher":{"@id":"https:\/\/gonzalezlawyersgroup.com\/es\/#organization"},"alternateName":"Gonzalez Lawyers Group","potentialAction":[{"@type":"SearchAction","target":{"@type":"EntryPoint","urlTemplate":"https:\/\/gonzalezlawyersgroup.com\/es\/?s={search_term_string}"},"query-input":{"@type":"PropertyValueSpecification","valueRequired":true,"valueName":"search_term_string"}}],"inLanguage":"es"},{"@type":"Organization","@id":"https:\/\/gonzalezlawyersgroup.com\/es\/#organization","name":"Gonzalez Lawyers Group","alternateName":"Gonzalez Lawyers Group","url":"https:\/\/gonzalezlawyersgroup.com\/es\/","logo":{"@type":"ImageObject","inLanguage":"es","@id":"https:\/\/gonzalezlawyersgroup.com\/es\/#\/schema\/logo\/image\/","url":"https:\/\/gonzalezlawyersgroup.com\/wp-content\/uploads\/2021\/02\/logo-glg-white-9.png","contentUrl":"https:\/\/gonzalezlawyersgroup.com\/wp-content\/uploads\/2021\/02\/logo-glg-white-9.png","width":191,"height":87,"caption":"Gonzalez Lawyers Group"},"image":{"@id":"https:\/\/gonzalezlawyersgroup.com\/es\/#\/schema\/logo\/image\/"}}]}},"_links":{"self":[{"href":"https:\/\/gonzalezlawyersgroup.com\/es\/wp-json\/wp\/v2\/pages\/369","targetHints":{"allow":["GET"]}}],"collection":[{"href":"https:\/\/gonzalezlawyersgroup.com\/es\/wp-json\/wp\/v2\/pages"}],"about":[{"href":"https:\/\/gonzalezlawyersgroup.com\/es\/wp-json\/wp\/v2\/types\/page"}],"author":[{"embeddable":true,"href":"https:\/\/gonzalezlawyersgroup.com\/es\/wp-json\/wp\/v2\/users\/1"}],"replies":[{"embeddable":true,"href":"https:\/\/gonzalezlawyersgroup.com\/es\/wp-json\/wp\/v2\/comments?post=369"}],"version-history":[{"count":29,"href":"https:\/\/gonzalezlawyersgroup.com\/es\/wp-json\/wp\/v2\/pages\/369\/revisions"}],"predecessor-version":[{"id":1285,"href":"https:\/\/gonzalezlawyersgroup.com\/es\/wp-json\/wp\/v2\/pages\/369\/revisions\/1285"}],"up":[{"embeddable":true,"href":"https:\/\/gonzalezlawyersgroup.com\/es\/wp-json\/wp\/v2\/pages\/11"}],"wp:attachment":[{"href":"https:\/\/gonzalezlawyersgroup.com\/es\/wp-json\/wp\/v2\/media?parent=369"}],"curies":[{"name":"wp","href":"https:\/\/api.w.org\/{rel}","templated":true}]}}