{"id":338,"date":"2021-02-10T22:56:30","date_gmt":"2021-02-10T22:56:30","guid":{"rendered":"https:\/\/glg.jak.com.co\/?page_id=338"},"modified":"2024-07-25T09:49:20","modified_gmt":"2024-07-25T14:49:20","slug":"aviso-de-privacidad","status":"publish","type":"page","link":"https:\/\/gonzalezlawyersgroup.com\/es\/aviso-de-privacidad\/","title":{"rendered":"Aviso de Privacidad"},"content":{"rendered":"\t\t<div data-elementor-type=\"wp-page\" data-elementor-id=\"338\" class=\"elementor elementor-338\" data-elementor-post-type=\"page\">\n\t\t\t\t\t\t<section class=\"elementor-section elementor-top-section elementor-element elementor-element-17a8dd71 elementor-section-full_width elementor-section-height-default elementor-section-height-default\" data-id=\"17a8dd71\" data-element_type=\"section\">\n\t\t\t\t\t\t<div class=\"elementor-container elementor-column-gap-no\">\n\t\t\t\t\t<div class=\"elementor-column elementor-col-100 elementor-top-column elementor-element elementor-element-4a168fb2\" data-id=\"4a168fb2\" data-element_type=\"column\">\n\t\t\t<div class=\"elementor-widget-wrap elementor-element-populated\">\n\t\t\t\t\t\t<div class=\"elementor-element elementor-element-3a6a77b elementor--h-position-left elementor--v-position-middle elementor-arrows-position-inside elementor-pagination-position-inside elementor-widget elementor-widget-slides\" data-id=\"3a6a77b\" data-element_type=\"widget\" data-settings=\"{&quot;navigation&quot;:&quot;both&quot;,&quot;autoplay&quot;:&quot;yes&quot;,&quot;pause_on_hover&quot;:&quot;yes&quot;,&quot;pause_on_interaction&quot;:&quot;yes&quot;,&quot;autoplay_speed&quot;:5000,&quot;infinite&quot;:&quot;yes&quot;,&quot;transition&quot;:&quot;slide&quot;,&quot;transition_speed&quot;:500}\" data-widget_type=\"slides.default\">\n\t\t\t\t<div class=\"elementor-widget-container\">\n\t\t\t\t\t\t\t\t\t<div class=\"elementor-swiper\">\n\t\t\t\t\t<div class=\"elementor-slides-wrapper elementor-main-swiper swiper\" role=\"region\" aria-roledescription=\"carousel\" aria-label=\"Diapositivas\" dir=\"ltr\" data-animation=\"fadeInUp\">\n\t\t\t\t<div class=\"swiper-wrapper elementor-slides\">\n\t\t\t\t\t\t\t\t\t\t<div class=\"elementor-repeater-item-1ea25e1 swiper-slide\" role=\"group\" aria-roledescription=\"slide\"><div class=\"swiper-slide-bg elementor-ken-burns elementor-ken-burns--out\" role=\"img\"><\/div><div class=\"elementor-background-overlay\"><\/div><div class=\"swiper-slide-inner\" ><div class=\"swiper-slide-contents\"><div class=\"elementor-slide-heading\">Aviso de privacidad<\/div><\/div><\/div><\/div>\t\t\t\t<\/div>\n\t\t\t\t\t\t\t<\/div>\n\t\t\t\t<\/div>\n\t\t\t\t\t\t\t\t<\/div>\n\t\t\t\t<\/div>\n\t\t\t\t\t<\/div>\n\t\t<\/div>\n\t\t\t\t\t<\/div>\n\t\t<\/section>\n\t\t\t\t<section class=\"elementor-section elementor-top-section elementor-element elementor-element-d2d7381 elementor-section-boxed elementor-section-height-default elementor-section-height-default\" data-id=\"d2d7381\" data-element_type=\"section\">\n\t\t\t\t\t\t<div class=\"elementor-container elementor-column-gap-default\">\n\t\t\t\t\t<div class=\"elementor-column elementor-col-100 elementor-top-column elementor-element elementor-element-c8e867d\" data-id=\"c8e867d\" data-element_type=\"column\">\n\t\t\t<div class=\"elementor-widget-wrap elementor-element-populated\">\n\t\t\t\t\t\t<div class=\"elementor-element elementor-element-43a3b32 elementor-widget elementor-widget-text-editor\" data-id=\"43a3b32\" data-element_type=\"widget\" data-widget_type=\"text-editor.default\">\n\t\t\t\t<div class=\"elementor-widget-container\">\n\t\t\t\t\t\t\t\t\t<p><span style=\"color: #333333;\">GONZALEZ LAWYERS GROUP S.A.S. se permite informar a todos los interesados, que, en cumplimiento de nuestra Pol\u00edtica de tratamiento de Datos Personales, los datos personales que obtengamos en virtud de las operaciones que usted solicite o celebre con esta compa\u00f1\u00eda, ser\u00e1n tratados conforme a los principios y deberes definidos en la Ley 1581 de 2012 y dem\u00e1s normas que traten y regulen sobre esta materia.<\/span><\/p>\n<p><span style=\"color: #333333;\">Este aviso de privacidad explica c\u00f3mo protegemos su informaci\u00f3n recopilada a trav\u00e9s de: (1)La p\u00e1gina que se denominar\u00e1 en adelante como \u00abeste sitio Web\u00bb. (2) Cualquier otro modo de interactuar con usted a trav\u00e9s de las comunicaciones desarrolladas la compa\u00f1\u00eda. En ese sentido, al utilizar el sitio web o decidir aceptar recibir comunicaciones, implica que acepta el tratamiento de dicha informaci\u00f3n de acuerdo con este aviso de Privacidad.<\/span><\/p>\n<p><span style=\"color: #333333;\"><strong>Responsables del Tratamiento de sus Datos Personales.<\/strong> El responsable del tratamiento de sus datos personales ser\u00e1 GONZALEZ LAWYERS GROUP S.A.S. ante quien los interesados podr\u00e1n dirigirse para el efectivo ejercicio de sus derechos de acceso, rectificaci\u00f3n, actualizaci\u00f3n, supresi\u00f3n y revocaci\u00f3n de la autorizaci\u00f3n de tratamiento.<\/span><\/p>\n<p><strong style=\"color: rgb(51, 51, 51);\">Domicilio.<\/strong><font color=\"#333333\"> Para efectos del presente Aviso de Privacidad, GONZALEZ LAWYERS GROUP S.A.S. se\u00f1ala como su domicilio la ciudad de Barranquilla (Atl\u00e1ntico) en la Cra 52 No. 76 &#8211; 167, Oficina 408 Centro Empresarial Atlantic Center, Tel\u00e9fono 3008010300.<\/font><\/p>\n<p><span style=\"color: #333333;\"><strong>Recopilaci\u00f3n de la informaci\u00f3n.<\/strong> Como visitante, no tiene que proporcionar informaci\u00f3n personal para utilizar el Sitio Web. Este Sitio Web s\u00f3lo recopila informaci\u00f3n personal que es espec\u00edfica y voluntariamente proporcionada por los visitantes. Dicha informaci\u00f3n puede consistir en, pero sin limitarse a, su nombre, identificaci\u00f3n, cargo actual, la direcci\u00f3n de la empresa, direcci\u00f3n de correo electr\u00f3nico y n\u00fameros de tel\u00e9fono y fax.<\/span><\/p>\n<p><span style=\"color: #333333;\">Esta compa\u00f1\u00eda, generalmente no solicita informaci\u00f3n sensible (por ejemplo, los datos relacionados con la raza o el origen \u00e9tnico, las creencias religiosas, antecedentes penales, salud f\u00edsica, mental, o la orientaci\u00f3n sexual) de los visitantes. En caso necesario, obtendremos su consentimiento expreso para recolectar y utilizar dicha informaci\u00f3n.<\/span><\/p>\n<p><span style=\"color: #333333;\"><strong>Informaci\u00f3n de cookies.<\/strong> Este Sitio Web recoge informaci\u00f3n est\u00e1ndar de registro, incluyendo su direcci\u00f3n IP, tipo de navegador, el idioma, tiempos de acceso y direcciones de Sitios Web. Para asegurar que este Sitio Web est\u00e1 siendo bien administrado y facilitar una mejor navegaci\u00f3n, nosotros o nuestros proveedores de servicios podemos utilizar cookies (peque\u00f1os archivos de texto que se almacenan en el navegador del usuario) para recoger datos agregados. Para informaci\u00f3n adicional sobre c\u00f3mo utilizamos cookies y otras tecnolog\u00edas de seguimiento y c\u00f3mo se puede controlar, pueden revisar nuestro Aviso de uso de Cookies.<\/span><\/p>\n<p><span style=\"color: #333333;\"><strong>Autorizaci\u00f3n de tratamiento de datos personales.<\/strong> En el caso del sitio web la autorizaci\u00f3n se entiende otorgada a favor de GONZALEZ LAWYERS GROUP S.A.S. desde el primer uso de la p\u00e1gina Web. En cualquier caso la autorizaci\u00f3n debe ser dada por el Titular y en \u00e9sta se debe poder verificar que \u00e9ste conoce y acepta que GONZALEZ LAWYERS GROUP S.A.S. recoger\u00e1 y utilizar\u00e1 la informaci\u00f3n para los fines que para el efecto se le d\u00e9 a conocer de manera previa al otorgamiento de la autorizaci\u00f3n.<\/span><\/p>\n<p><span style=\"color: #333333;\"><strong>Tratamiento de Datos Personales sin previa autorizaci\u00f3n.<\/strong> GONZALEZ LAWYERS GROUP S.A.S. podr\u00e1 tratar datos personales sin previa autorizaci\u00f3n del titular en todos los casos en que estos sean de naturaleza p\u00fablica. Lo anterior en concordancia con el art\u00edculo 10 de la Ley 1581 de 2012.<\/span><\/p>\n<p><span style=\"color: #333333;\"><strong>Tratamiento de Datos Personales con previa autorizaci\u00f3n.<\/strong> GONZALEZ LAWYERS GROUP S.A.S. recoge y trata otros datos personales necesarios para atender el cumplimiento de sus funciones y las dem\u00e1s normas que complementen su marco jur\u00eddico operacional.<\/span><\/p>\n<p><span style=\"color: #333333;\"><strong>Finalidades del Tratamiento.<\/strong> Los datos personales que GONZALEZ LAWYERS GROUP S.A.S recoja a trav\u00e9s de sus diferentes canales transaccionales, ser\u00e1n usados para la operaci\u00f3n y registro dentro de las funciones y finalidades regladas. As\u00ed mismo, GONZALEZ LAWYERS GROUP S.A.S podr\u00e1 utilizar sus datos personales para ofrecerle y\/o informarle, en su caso, de otros productos y\/o servicios prestados por GONZALEZ LAWYERS GROUP S.A.S<\/span><\/p>\n<p><span style=\"color: #333333;\"><strong>Tratamiento al que ser\u00e1n sometidos los Datos Personales:<\/strong> El tratamiento para los datos personales indispensables de clientes, proveedores, contratistas, trabajadores y extrabajadores, estar\u00e1 enmarcado en el orden legal y en virtud de la condici\u00f3n GONZALEZ LAWYERS GROUP S.A.S como entidad privada, y ser\u00e1n todos los necesarios para el cumplimiento de las obligaciones y dentro del marco del legal y de la ejecuci\u00f3n de su objeto social.<\/span><\/p>\n<p><span style=\"color: #333333;\">Las bases de datos de los clientes y dem\u00e1s usuarios mencionados son tratados con el prop\u00f3sito de vincular y prestar los servicios profesionales por ellos contratados, de conformidad con el objeto social respectivo. Igualmente es utilizada para enviarles informaci\u00f3n que a juicio de la compa\u00f1\u00eda pueda ser de su inter\u00e9s; as\u00ed como, entre otros, invitarlos a eventos que organice la compa\u00f1\u00eda; remitir boletines, informes sectoriales o publicaciones y en general, utilizar los datos para el desarrollo de las actividades comprendidas en el objeto social de la sociedad.<\/span><br><span style=\"color: #333333;\">La base de datos de proveedores busca tener informaci\u00f3n actualizada, consistente y suficiente acerca de las personas que tienen la calidad de proveedores y contratistas, el tratamiento de estos datos tiene como fin cumplir con las obligaciones adquiridas en virtud de la respectiva relaci\u00f3n.<\/span><br><span style=\"color: #333333;\">La base de datos de los empleados mantiene actualizada la informaci\u00f3n de los colaboradores de GONZALEZ LAWYERS GROUP S.A.S. para que la relaci\u00f3n laboral se desarrolle de manera adecuada.<\/span><br><span style=\"color: #333333;\">Mediante la base de datos de ex empleados se almacenan con fines de conservaci\u00f3n documental y archivo informaci\u00f3n relacionada con aspectos de seguridad social, pensional y de historia laboral, durante el t\u00e9rmino establecido en la ley laboral.<\/span><\/p>\n<p><span style=\"color: #333333;\">Autorizaci\u00f3n especial de datos personales sensibles. La compa\u00f1\u00eda informa a todos sus titulares que en virtud de la Ley 1581 del 2012 y el Decreto Reglamentario 1074 de 2015 no se est\u00e1 obligado a otorgar la autorizaci\u00f3n para el tratamiento de datos sensibles.<\/span><\/p>\n<p><span style=\"color: #333333;\">Se entiende por datos sensibles aquellos que afectan la intimidad del Titular o cuyo uso indebido puede generar su discriminaci\u00f3n, tales como aquellos que revelen el origen racial o \u00e9tnico, la orientaci\u00f3n pol\u00edtica, las convicciones religiosas o filos\u00f3ficas, la pertenencia a sindicatos, organizaciones sociales, de derechos humanos o que promueva intereses de cualquier partido pol\u00edtico o que garanticen los derechos y garant\u00edas de partidos pol\u00edticos de oposici\u00f3n as\u00ed como los datos relativos a la salud, a la vida sexual y los datos biom\u00e9tricos.<\/span><\/p>\n<p><span style=\"color: #333333;\"><strong>Transferencia de Datos Personales:<\/strong> GONZALEZ LAWYERS GROUP S.A.S. podr\u00e1 transferir sus datos personales a terceros, afiliados o filiales, y a terceros con quienes tengan relaci\u00f3n operativa que le provean de servicios necesarios para su debida operaci\u00f3n, o de conformidad con las funciones establecidas a su cargo en la legislaci\u00f3n comercial y normas reglamentarias. En dichos supuestos, le informamos que GONZALEZ LAWYERS GROUP S.A.S. adoptar\u00e1 las medidas necesarias para que las personas que tengan acceso a sus datos personales cumplan con la Pol\u00edtica de Protecci\u00f3n de Datos Personales, el Documento de Seguridad y con los principios de protecci\u00f3n de datos personales establecidos en la ley y adoptados por GONZALEZ LAWYERS GROUP S.A.S.<\/span><\/p>\n<p><span style=\"color: #333333;\"><strong>Transmisi\u00f3n de la informaci\u00f3n.<\/strong> De conformidad con lo previsto por Decreto 1074 2015 y en atenci\u00f3n a las pol\u00edticas y procedimientos internos de la sociedad, se podr\u00e1 llevar a cabo la transmisi\u00f3n nacional e internacional de datos personales. La compa\u00f1\u00eda, como responsable del tratamiento de los datos personales, impartir\u00e1n instrucciones sobre el alcance de las actividades que el Encargado realizar\u00e1 por cuenta de la compa\u00f1\u00eda para el tratamiento de datos personales. De la misma manera, el tratamiento llevado a cabo por parte del Encargado cumplir\u00e1 con las disposiciones de la presente Pol\u00edtica de Privacidad. El Encargado del tratamiento de los datos personales se encargar\u00e1 de salvaguardar las bases de datos y de la misma manera, guardar la confidencialidad de los mismos.<\/span><\/p>\n<p><span style=\"color: #333333;\"><strong>Ejercicio de sus Derechos:<\/strong> Usted o su representante legal, debidamente acreditado, podr\u00e1n limitar el uso o divulgaci\u00f3n de sus datos personales; as\u00ed como ejercer, cuando proceda, los derechos de Acceso (Conocer), Actualizaci\u00f3n, Rectificaci\u00f3n o Supresi\u00f3n que la ley prev\u00e9 mediante los canales de comunicaci\u00f3n que GONZALEZ LAWYERS GROUP S.A.S le proporcione para tales efectos de forma gratuita. Es importante mencionar que el ejercicio de cualquiera de dichos derechos no es requisito previo ni impide el ejercicio de otro derecho. Para mayor informaci\u00f3n sobre dicho tr\u00e1mite podr\u00e1 consultarlo en la pol\u00edtica de tratamiento de datos personales de la compa\u00f1\u00eda.<\/span><\/p>\n<p><span style=\"color: #333333;\"><strong>Modificaciones al Aviso de Privacidad:<\/strong> GONZALEZ LAWYERS GROUP S.A.S. se reserva el derecho de modificar, en cualquier momento, de manera unilateral, el presente aviso, se actualizar\u00e1 la fecha de revisi\u00f3n en la parte superior de esta p\u00e1gina, y esa modificaci\u00f3n o enmienda ser\u00e1 efectiva para usted y su informaci\u00f3n a partir de la fecha de actualizaci\u00f3n. Le recomendamos que revise peri\u00f3dicamente este Aviso de Privacidad para estar informado acerca de c\u00f3mo estamos protegiendo su informaci\u00f3n.<\/span><\/p>\n<p><span style=\"color: #333333;\"><strong>Seguridad de la informaci\u00f3n.<\/strong> GONZALEZ LAWYERS GROUP S.A.S. ha adoptado las medidas tecnol\u00f3gicas, jur\u00eddicas y procedimentales posibles y necesarias para la protecci\u00f3n de sus datos personales, con el fin de garantizar los atributos de autenticidad, integridad y disponibilidad de la informaci\u00f3n.<\/span><\/p>\n<p><em><span style=\"color: #333333;\">Para m\u00e1s informaci\u00f3n sobre el Tratamiento de sus Datos Personales podr\u00e1 consultar en el siguiente enlace <a style=\"color: #333333;\" href=\"\/politica-de-tratamiento-de-datos-personales\/\">AQUI<\/a> la Pol\u00edtica de Tratamiento de Datos Personales de GONZALEZ LAWYERS GROUP S.A.S.<\/span><\/em><\/p>\t\t\t\t\t\t\t\t<\/div>\n\t\t\t\t<\/div>\n\t\t\t\t\t<\/div>\n\t\t<\/div>\n\t\t\t\t\t<\/div>\n\t\t<\/section>\n\t\t\t\t<\/div>\n\t\t","protected":false},"excerpt":{"rendered":"<p>Aviso de privacidad GONZALEZ LAWYERS GROUP S.A.S. se permite informar a todos los interesados, que, en cumplimiento de nuestra Pol\u00edtica de tratamiento de Datos Personales, los datos personales que obtengamos en virtud de las operaciones que usted solicite o celebre con esta compa\u00f1\u00eda, ser\u00e1n tratados conforme a los principios y deberes definidos en la Ley [&hellip;]<\/p>\n","protected":false},"author":1,"featured_media":0,"parent":0,"menu_order":0,"comment_status":"closed","ping_status":"closed","template":"elementor_header_footer","meta":{"_joinchat":[],"footnotes":""},"class_list":["post-338","page","type-page","status-publish","hentry"],"yoast_head":"<!-- This site is optimized with the Yoast SEO plugin v24.8.1 - https:\/\/yoast.com\/wordpress\/plugins\/seo\/ -->\n<title>Aviso de Privacidad &#8211; Gonzalez Lawyers Group<\/title>\n<meta name=\"robots\" content=\"index, follow, max-snippet:-1, max-image-preview:large, max-video-preview:-1\" \/>\n<link rel=\"canonical\" href=\"https:\/\/gonzalezlawyersgroup.com\/es\/aviso-de-privacidad\/\" \/>\n<meta property=\"og:locale\" content=\"es_ES\" \/>\n<meta property=\"og:type\" content=\"article\" \/>\n<meta property=\"og:title\" content=\"Aviso de Privacidad &#8211; Gonzalez Lawyers Group\" \/>\n<meta property=\"og:description\" content=\"Aviso de privacidad GONZALEZ LAWYERS GROUP S.A.S. se permite informar a todos los interesados, que, en cumplimiento de nuestra Pol\u00edtica de tratamiento de Datos Personales, los datos personales que obtengamos en virtud de las operaciones que usted solicite o celebre con esta compa\u00f1\u00eda, ser\u00e1n tratados conforme a los principios y deberes definidos en la Ley [&hellip;]\" \/>\n<meta property=\"og:url\" content=\"https:\/\/gonzalezlawyersgroup.com\/es\/aviso-de-privacidad\/\" \/>\n<meta property=\"og:site_name\" content=\"Gonzalez Lawyers Group\" \/>\n<meta property=\"article:modified_time\" content=\"2024-07-25T14:49:20+00:00\" \/>\n<meta name=\"twitter:card\" content=\"summary_large_image\" \/>\n<meta name=\"twitter:label1\" content=\"Tiempo de lectura\" \/>\n\t<meta name=\"twitter:data1\" content=\"7 minutos\" \/>\n<script type=\"application\/ld+json\" class=\"yoast-schema-graph\">{\"@context\":\"https:\/\/schema.org\",\"@graph\":[{\"@type\":\"WebPage\",\"@id\":\"https:\/\/gonzalezlawyersgroup.com\/aviso-de-privacidad\/\",\"url\":\"https:\/\/gonzalezlawyersgroup.com\/aviso-de-privacidad\/\",\"name\":\"Aviso de Privacidad &#8211; Gonzalez Lawyers Group\",\"isPartOf\":{\"@id\":\"https:\/\/gonzalezlawyersgroup.com\/es\/#website\"},\"datePublished\":\"2021-02-10T22:56:30+00:00\",\"dateModified\":\"2024-07-25T14:49:20+00:00\",\"breadcrumb\":{\"@id\":\"https:\/\/gonzalezlawyersgroup.com\/aviso-de-privacidad\/#breadcrumb\"},\"inLanguage\":\"es\",\"potentialAction\":[{\"@type\":\"ReadAction\",\"target\":[\"https:\/\/gonzalezlawyersgroup.com\/aviso-de-privacidad\/\"]}]},{\"@type\":\"BreadcrumbList\",\"@id\":\"https:\/\/gonzalezlawyersgroup.com\/aviso-de-privacidad\/#breadcrumb\",\"itemListElement\":[{\"@type\":\"ListItem\",\"position\":1,\"name\":\"Home\",\"item\":\"https:\/\/gonzalezlawyersgroup.com\/\"},{\"@type\":\"ListItem\",\"position\":2,\"name\":\"Aviso de Privacidad\"}]},{\"@type\":\"WebSite\",\"@id\":\"https:\/\/gonzalezlawyersgroup.com\/es\/#website\",\"url\":\"https:\/\/gonzalezlawyersgroup.com\/es\/\",\"name\":\"Gonzalez Lawyers Group\",\"description\":\"Asesor\u00edas Juridicas Integrales\",\"publisher\":{\"@id\":\"https:\/\/gonzalezlawyersgroup.com\/es\/#organization\"},\"alternateName\":\"Gonzalez Lawyers Group\",\"potentialAction\":[{\"@type\":\"SearchAction\",\"target\":{\"@type\":\"EntryPoint\",\"urlTemplate\":\"https:\/\/gonzalezlawyersgroup.com\/es\/?s={search_term_string}\"},\"query-input\":{\"@type\":\"PropertyValueSpecification\",\"valueRequired\":true,\"valueName\":\"search_term_string\"}}],\"inLanguage\":\"es\"},{\"@type\":\"Organization\",\"@id\":\"https:\/\/gonzalezlawyersgroup.com\/es\/#organization\",\"name\":\"Gonzalez Lawyers Group\",\"alternateName\":\"Gonzalez Lawyers Group\",\"url\":\"https:\/\/gonzalezlawyersgroup.com\/es\/\",\"logo\":{\"@type\":\"ImageObject\",\"inLanguage\":\"es\",\"@id\":\"https:\/\/gonzalezlawyersgroup.com\/es\/#\/schema\/logo\/image\/\",\"url\":\"https:\/\/gonzalezlawyersgroup.com\/wp-content\/uploads\/2021\/02\/logo-glg-white-9.png\",\"contentUrl\":\"https:\/\/gonzalezlawyersgroup.com\/wp-content\/uploads\/2021\/02\/logo-glg-white-9.png\",\"width\":191,\"height\":87,\"caption\":\"Gonzalez Lawyers Group\"},\"image\":{\"@id\":\"https:\/\/gonzalezlawyersgroup.com\/es\/#\/schema\/logo\/image\/\"}}]}<\/script>\n<!-- \/ Yoast SEO plugin. -->","yoast_head_json":{"title":"Aviso de Privacidad &#8211; Gonzalez Lawyers Group","robots":{"index":"index","follow":"follow","max-snippet":"max-snippet:-1","max-image-preview":"max-image-preview:large","max-video-preview":"max-video-preview:-1"},"canonical":"https:\/\/gonzalezlawyersgroup.com\/es\/aviso-de-privacidad\/","og_locale":"es_ES","og_type":"article","og_title":"Aviso de Privacidad &#8211; Gonzalez Lawyers Group","og_description":"Aviso de privacidad GONZALEZ LAWYERS GROUP S.A.S. se permite informar a todos los interesados, que, en cumplimiento de nuestra Pol\u00edtica de tratamiento de Datos Personales, los datos personales que obtengamos en virtud de las operaciones que usted solicite o celebre con esta compa\u00f1\u00eda, ser\u00e1n tratados conforme a los principios y deberes definidos en la Ley [&hellip;]","og_url":"https:\/\/gonzalezlawyersgroup.com\/es\/aviso-de-privacidad\/","og_site_name":"Gonzalez Lawyers Group","article_modified_time":"2024-07-25T14:49:20+00:00","twitter_card":"summary_large_image","twitter_misc":{"Tiempo de lectura":"7 minutos"},"schema":{"@context":"https:\/\/schema.org","@graph":[{"@type":"WebPage","@id":"https:\/\/gonzalezlawyersgroup.com\/aviso-de-privacidad\/","url":"https:\/\/gonzalezlawyersgroup.com\/aviso-de-privacidad\/","name":"Aviso de Privacidad &#8211; Gonzalez Lawyers Group","isPartOf":{"@id":"https:\/\/gonzalezlawyersgroup.com\/es\/#website"},"datePublished":"2021-02-10T22:56:30+00:00","dateModified":"2024-07-25T14:49:20+00:00","breadcrumb":{"@id":"https:\/\/gonzalezlawyersgroup.com\/aviso-de-privacidad\/#breadcrumb"},"inLanguage":"es","potentialAction":[{"@type":"ReadAction","target":["https:\/\/gonzalezlawyersgroup.com\/aviso-de-privacidad\/"]}]},{"@type":"BreadcrumbList","@id":"https:\/\/gonzalezlawyersgroup.com\/aviso-de-privacidad\/#breadcrumb","itemListElement":[{"@type":"ListItem","position":1,"name":"Home","item":"https:\/\/gonzalezlawyersgroup.com\/"},{"@type":"ListItem","position":2,"name":"Aviso de Privacidad"}]},{"@type":"WebSite","@id":"https:\/\/gonzalezlawyersgroup.com\/es\/#website","url":"https:\/\/gonzalezlawyersgroup.com\/es\/","name":"Gonzalez Lawyers Group","description":"Asesor\u00edas Juridicas Integrales","publisher":{"@id":"https:\/\/gonzalezlawyersgroup.com\/es\/#organization"},"alternateName":"Gonzalez Lawyers Group","potentialAction":[{"@type":"SearchAction","target":{"@type":"EntryPoint","urlTemplate":"https:\/\/gonzalezlawyersgroup.com\/es\/?s={search_term_string}"},"query-input":{"@type":"PropertyValueSpecification","valueRequired":true,"valueName":"search_term_string"}}],"inLanguage":"es"},{"@type":"Organization","@id":"https:\/\/gonzalezlawyersgroup.com\/es\/#organization","name":"Gonzalez Lawyers Group","alternateName":"Gonzalez Lawyers Group","url":"https:\/\/gonzalezlawyersgroup.com\/es\/","logo":{"@type":"ImageObject","inLanguage":"es","@id":"https:\/\/gonzalezlawyersgroup.com\/es\/#\/schema\/logo\/image\/","url":"https:\/\/gonzalezlawyersgroup.com\/wp-content\/uploads\/2021\/02\/logo-glg-white-9.png","contentUrl":"https:\/\/gonzalezlawyersgroup.com\/wp-content\/uploads\/2021\/02\/logo-glg-white-9.png","width":191,"height":87,"caption":"Gonzalez Lawyers Group"},"image":{"@id":"https:\/\/gonzalezlawyersgroup.com\/es\/#\/schema\/logo\/image\/"}}]}},"_links":{"self":[{"href":"https:\/\/gonzalezlawyersgroup.com\/es\/wp-json\/wp\/v2\/pages\/338","targetHints":{"allow":["GET"]}}],"collection":[{"href":"https:\/\/gonzalezlawyersgroup.com\/es\/wp-json\/wp\/v2\/pages"}],"about":[{"href":"https:\/\/gonzalezlawyersgroup.com\/es\/wp-json\/wp\/v2\/types\/page"}],"author":[{"embeddable":true,"href":"https:\/\/gonzalezlawyersgroup.com\/es\/wp-json\/wp\/v2\/users\/1"}],"replies":[{"embeddable":true,"href":"https:\/\/gonzalezlawyersgroup.com\/es\/wp-json\/wp\/v2\/comments?post=338"}],"version-history":[{"count":19,"href":"https:\/\/gonzalezlawyersgroup.com\/es\/wp-json\/wp\/v2\/pages\/338\/revisions"}],"predecessor-version":[{"id":1788,"href":"https:\/\/gonzalezlawyersgroup.com\/es\/wp-json\/wp\/v2\/pages\/338\/revisions\/1788"}],"wp:attachment":[{"href":"https:\/\/gonzalezlawyersgroup.com\/es\/wp-json\/wp\/v2\/media?parent=338"}],"curies":[{"name":"wp","href":"https:\/\/api.w.org\/{rel}","templated":true}]}}