{"id":5,"date":"2021-02-09T14:26:07","date_gmt":"2021-02-09T14:26:07","guid":{"rendered":"https:\/\/glg.jak.com.co\/?page_id=3"},"modified":"2021-02-16T23:41:19","modified_gmt":"2021-02-16T23:41:19","slug":"aviso-de-cookies","status":"publish","type":"page","link":"https:\/\/gonzalezlawyersgroup.com\/en\/aviso-de-cookies\/","title":{"rendered":"Cookie Notice"},"content":{"rendered":"<div data-elementor-type=\"wp-page\" data-elementor-id=\"5\" class=\"elementor elementor-5\" data-elementor-post-type=\"page\">\n\t\t\t\t\t\t<section class=\"elementor-section elementor-top-section elementor-element elementor-element-8106330 elementor-section-full_width elementor-section-height-default elementor-section-height-default\" data-id=\"8106330\" data-element_type=\"section\">\n\t\t\t\t\t\t<div class=\"elementor-container elementor-column-gap-no\">\n\t\t\t\t\t<div class=\"elementor-column elementor-col-100 elementor-top-column elementor-element elementor-element-0658841\" data-id=\"0658841\" data-element_type=\"column\">\n\t\t\t<div class=\"elementor-widget-wrap elementor-element-populated\">\n\t\t\t\t\t\t<div class=\"elementor-element elementor-element-4bd4d6f elementor--h-position-left elementor--v-position-middle elementor-arrows-position-inside elementor-pagination-position-inside elementor-widget elementor-widget-slides\" data-id=\"4bd4d6f\" data-element_type=\"widget\" data-settings=\"{&quot;navigation&quot;:&quot;both&quot;,&quot;autoplay&quot;:&quot;yes&quot;,&quot;pause_on_hover&quot;:&quot;yes&quot;,&quot;pause_on_interaction&quot;:&quot;yes&quot;,&quot;autoplay_speed&quot;:5000,&quot;infinite&quot;:&quot;yes&quot;,&quot;transition&quot;:&quot;slide&quot;,&quot;transition_speed&quot;:500}\" data-widget_type=\"slides.default\">\n\t\t\t\t<div class=\"elementor-widget-container\">\n\t\t\t\t\t\t\t\t\t<div class=\"elementor-swiper\">\n\t\t\t\t\t<div class=\"elementor-slides-wrapper elementor-main-swiper swiper\" role=\"region\" aria-roledescription=\"carousel\" aria-label=\"Slides\" dir=\"ltr\" data-animation=\"fadeInUp\">\n\t\t\t\t<div class=\"swiper-wrapper elementor-slides\">\n\t\t\t\t\t\t\t\t\t\t<div class=\"elementor-repeater-item-1ea25e1 swiper-slide\" role=\"group\" aria-roledescription=\"slide\"><div class=\"swiper-slide-bg elementor-ken-burns elementor-ken-burns--out\" role=\"img\"><\/div><div class=\"elementor-background-overlay\"><\/div><div class=\"swiper-slide-inner\" ><div class=\"swiper-slide-contents\"><div class=\"elementor-slide-heading\">Cookie Notice<\/div><\/div><\/div><\/div>\t\t\t\t<\/div>\n\t\t\t\t\t\t\t<\/div>\n\t\t\t\t<\/div>\n\t\t\t\t\t\t\t\t<\/div>\n\t\t\t\t<\/div>\n\t\t\t\t\t<\/div>\n\t\t<\/div>\n\t\t\t\t\t<\/div>\n\t\t<\/section>\n\t\t\t\t<section class=\"elementor-section elementor-top-section elementor-element elementor-element-7cfcbf92 elementor-section-boxed elementor-section-height-default elementor-section-height-default\" data-id=\"7cfcbf92\" data-element_type=\"section\">\n\t\t\t\t\t\t<div class=\"elementor-container elementor-column-gap-default\">\n\t\t\t\t\t<div class=\"elementor-column elementor-col-100 elementor-top-column elementor-element elementor-element-1b000764\" data-id=\"1b000764\" data-element_type=\"column\">\n\t\t\t<div class=\"elementor-widget-wrap elementor-element-populated\">\n\t\t\t\t\t\t<div class=\"elementor-element elementor-element-35b48428 elementor-widget elementor-widget-text-editor\" data-id=\"35b48428\" data-element_type=\"widget\" data-widget_type=\"text-editor.default\">\n\t\t\t\t<div class=\"elementor-widget-container\">\n\t\t\t\t\t\t\t\t\t<p><span style=\"color: #333333;\">Access to the website <a style=\"color: #333333;\" href=\"https:\/\/gonzalezlawyersgroup.com\/en\/\">www.gonzalezlawyersgroup.com<\/a> It may involve the use of cookies. Cookies are small amounts of information that are stored in the browser used by each user so that the server remembers certain information that it can later use. This information allows you to be identified as a specific user and allows you to save your personal preferences, as well as technical information such as visits or specific pages you visit.<\/span><\/p>\n<p><span style=\"color: #333333;\">In our specific case, we have the server add a small text file (\"cookie\") to the hard drive of your computer. This \"cookie\" is unique for each User and simply indicates whether they have already been to our site. Your browser sends these cookies back to this Website on each subsequent visit so that it can recognize you and remember things like user preferences.<\/span><br \/><span style=\"color: #333333;\">By using this Website, you agree to the use of cookies, as described in this Cookie Usage Notice. However, you can control and manage cookies in different ways. Bear in mind that by eliminating or blocking cookies, you may affect the use of the site, since you will not be able to fully access it.<\/span><\/p>\n<h2><span style=\"color: #333333;\">What do we use cookies for?<\/span><\/h2>\n<p><span style=\"color: #333333;\">It is important to note that \"cookies\" are safe, since they cannot be executed as programs and cannot be used to send any type of virus.<\/span><br \/><span style=\"color: #333333;\">Our \"cookies\" are used to:<\/span><\/p>\n<ul>\n<li><span style=\"color: #333333;\">Identify each computer.<\/span><\/li>\n<li><span style=\"color: #333333;\">Prepare anonymous statistics on the habits of use of the web, by our visitors.<\/span><\/li>\n<li><span style=\"color: #333333;\">We also use them to help us understand the effectiveness of our content and to know what interests our users, in order to improve the operation of this Website.<\/span><\/li>\n<\/ul>\n<h1><span style=\"color: #333333;\">How to manage cookies?<\/span><\/h1>\n<p><span style=\"color: #333333;\">Most of today's browsers allow the management of cookies in 3 different ways:<\/span><\/p>\n<ol>\n<li><span style=\"color: #333333;\">The cookies are never accepted.<\/span><\/li>\n<li><span style=\"color: #333333;\">The browser asks the user if each cookie should be accepted.<\/span><\/li>\n<li><span style=\"color: #333333;\">Cookies are always accepted.<\/span><\/li>\n<\/ol>\n<p><span style=\"color: #333333;\">The browser may also include the ability to better specify which cookies have to be accepted and which ones not. Specifically, the user can normally accept any of the following options: reject cookies from certain domains; reject third-party cookies; accept cookies as non-persistent (they are deleted when the browser is closed); allow the server to create cookies for a different domain. Additionally, browsers can also allow users to view and delete cookies individually.<\/span><\/p>\n<h1><span style=\"color: #333333;\">Consequences of disabling all cookies<\/span><\/h1>\n<p><span style=\"color: #333333;\">If you decide to disable cookies, you can continue to use certain parts of our Site. However, depending on which cookies you disable, some useful features may stop working. Please note that if you disabled one or more cookies, we may continue to use the information we collected through those cookies before you disabled them. However, once you have disabled a cookie, we will stop collecting any information using that cookie.<\/span><\/p>\n<h1><span style=\"color: #333333;\">Changes to the Cookie Notice<\/span><\/h1>\n<p><span style=\"color: #333333;\">This Notice may be subject to periodic review. Any changes made will be indicated on this Site. Please review this Cookie Notice frequently to stay informed about our use of cookies. If you have any questions, please contact us as explained below.<\/span><\/p>\n<h1><span style=\"color: #333333;\">Contact us<\/span><\/h1>\n<p><span style=\"color: #333333;\">If you have questions about the use of cookies on our Site, please contact us via email at: <a href=\"mailto:asesorias@gonzalezlawyersgroup.com\">asesorias@gonzalezlawyersgroup.com<\/a>.You will also find more general information about the types of information we collect about you and how you can exercise your data privacy rights in our Data Processing Policy.<\/span><\/p>\t\t\t\t\t\t\t\t<\/div>\n\t\t\t\t<\/div>\n\t\t\t\t\t<\/div>\n\t\t<\/div>\n\t\t\t\t\t<\/div>\n\t\t<\/section>\n\t\t\t\t<\/div>","protected":false},"excerpt":{"rendered":"<p>Aviso de cookies El acceso al sitio web www.gonzalezlawyersgroup.com puede implicar la utilizaci\u00f3n de cookies, Las cookies son peque\u00f1as cantidades de informaci\u00f3n que se almacenan en el navegador utilizado por cada usuario para que el servidor recuerde cierta informaci\u00f3n que posteriormente pueda utilizar. Esta informaci\u00f3n permite identificarle a usted como un usuario concreto y permite [&hellip;]<\/p>","protected":false},"author":1,"featured_media":0,"parent":0,"menu_order":0,"comment_status":"closed","ping_status":"closed","template":"elementor_header_footer","meta":{"_joinchat":[],"footnotes":""},"class_list":["post-5","page","type-page","status-publish","hentry"],"yoast_head":"<!-- This site is optimized with the Yoast SEO plugin v24.8.1 - https:\/\/yoast.com\/wordpress\/plugins\/seo\/ -->\n<title>Aviso de cookies &#8211; Gonzalez Lawyers Group<\/title>\n<meta name=\"robots\" content=\"index, follow, max-snippet:-1, max-image-preview:large, max-video-preview:-1\" \/>\n<link rel=\"canonical\" href=\"https:\/\/gonzalezlawyersgroup.com\/en\/aviso-de-cookies\/\" \/>\n<meta property=\"og:locale\" content=\"en_US\" \/>\n<meta property=\"og:type\" content=\"article\" \/>\n<meta property=\"og:title\" content=\"Aviso de cookies &#8211; Gonzalez Lawyers Group\" \/>\n<meta property=\"og:description\" content=\"Aviso de cookies El acceso al sitio web www.gonzalezlawyersgroup.com puede implicar la utilizaci\u00f3n de cookies, Las cookies son peque\u00f1as cantidades de informaci\u00f3n que se almacenan en el navegador utilizado por cada usuario para que el servidor recuerde cierta informaci\u00f3n que posteriormente pueda utilizar. Esta informaci\u00f3n permite identificarle a usted como un usuario concreto y permite [&hellip;]\" \/>\n<meta property=\"og:url\" content=\"https:\/\/gonzalezlawyersgroup.com\/en\/aviso-de-cookies\/\" \/>\n<meta property=\"og:site_name\" content=\"Gonzalez Lawyers Group\" \/>\n<meta property=\"article:modified_time\" content=\"2021-02-16T23:41:19+00:00\" \/>\n<meta name=\"twitter:card\" content=\"summary_large_image\" \/>\n<meta name=\"twitter:label1\" content=\"Est. reading time\" \/>\n\t<meta name=\"twitter:data1\" content=\"3 minutes\" \/>\n<script type=\"application\/ld+json\" class=\"yoast-schema-graph\">{\"@context\":\"https:\/\/schema.org\",\"@graph\":[{\"@type\":\"WebPage\",\"@id\":\"https:\/\/gonzalezlawyersgroup.com\/aviso-de-cookies\/\",\"url\":\"https:\/\/gonzalezlawyersgroup.com\/aviso-de-cookies\/\",\"name\":\"Aviso de cookies &#8211; Gonzalez Lawyers Group\",\"isPartOf\":{\"@id\":\"https:\/\/gonzalezlawyersgroup.com\/es\/#website\"},\"datePublished\":\"2021-02-09T14:26:07+00:00\",\"dateModified\":\"2021-02-16T23:41:19+00:00\",\"breadcrumb\":{\"@id\":\"https:\/\/gonzalezlawyersgroup.com\/aviso-de-cookies\/#breadcrumb\"},\"inLanguage\":\"en-US\",\"potentialAction\":[{\"@type\":\"ReadAction\",\"target\":[\"https:\/\/gonzalezlawyersgroup.com\/aviso-de-cookies\/\"]}]},{\"@type\":\"BreadcrumbList\",\"@id\":\"https:\/\/gonzalezlawyersgroup.com\/aviso-de-cookies\/#breadcrumb\",\"itemListElement\":[{\"@type\":\"ListItem\",\"position\":1,\"name\":\"Home\",\"item\":\"https:\/\/gonzalezlawyersgroup.com\/\"},{\"@type\":\"ListItem\",\"position\":2,\"name\":\"Aviso de cookies\"}]},{\"@type\":\"WebSite\",\"@id\":\"https:\/\/gonzalezlawyersgroup.com\/es\/#website\",\"url\":\"https:\/\/gonzalezlawyersgroup.com\/es\/\",\"name\":\"Gonzalez Lawyers Group\",\"description\":\"Asesor\u00edas Juridicas Integrales\",\"publisher\":{\"@id\":\"https:\/\/gonzalezlawyersgroup.com\/es\/#organization\"},\"alternateName\":\"Gonzalez Lawyers Group\",\"potentialAction\":[{\"@type\":\"SearchAction\",\"target\":{\"@type\":\"EntryPoint\",\"urlTemplate\":\"https:\/\/gonzalezlawyersgroup.com\/es\/?s={search_term_string}\"},\"query-input\":{\"@type\":\"PropertyValueSpecification\",\"valueRequired\":true,\"valueName\":\"search_term_string\"}}],\"inLanguage\":\"en-US\"},{\"@type\":\"Organization\",\"@id\":\"https:\/\/gonzalezlawyersgroup.com\/es\/#organization\",\"name\":\"Gonzalez Lawyers Group\",\"alternateName\":\"Gonzalez Lawyers Group\",\"url\":\"https:\/\/gonzalezlawyersgroup.com\/es\/\",\"logo\":{\"@type\":\"ImageObject\",\"inLanguage\":\"en-US\",\"@id\":\"https:\/\/gonzalezlawyersgroup.com\/es\/#\/schema\/logo\/image\/\",\"url\":\"https:\/\/gonzalezlawyersgroup.com\/wp-content\/uploads\/2021\/02\/logo-glg-white-9.png\",\"contentUrl\":\"https:\/\/gonzalezlawyersgroup.com\/wp-content\/uploads\/2021\/02\/logo-glg-white-9.png\",\"width\":191,\"height\":87,\"caption\":\"Gonzalez Lawyers Group\"},\"image\":{\"@id\":\"https:\/\/gonzalezlawyersgroup.com\/es\/#\/schema\/logo\/image\/\"}}]}<\/script>\n<!-- \/ Yoast SEO plugin. -->","yoast_head_json":{"title":"Aviso de cookies &#8211; Gonzalez Lawyers Group","robots":{"index":"index","follow":"follow","max-snippet":"max-snippet:-1","max-image-preview":"max-image-preview:large","max-video-preview":"max-video-preview:-1"},"canonical":"https:\/\/gonzalezlawyersgroup.com\/en\/aviso-de-cookies\/","og_locale":"en_US","og_type":"article","og_title":"Aviso de cookies &#8211; Gonzalez Lawyers Group","og_description":"Aviso de cookies El acceso al sitio web www.gonzalezlawyersgroup.com puede implicar la utilizaci\u00f3n de cookies, Las cookies son peque\u00f1as cantidades de informaci\u00f3n que se almacenan en el navegador utilizado por cada usuario para que el servidor recuerde cierta informaci\u00f3n que posteriormente pueda utilizar. Esta informaci\u00f3n permite identificarle a usted como un usuario concreto y permite [&hellip;]","og_url":"https:\/\/gonzalezlawyersgroup.com\/en\/aviso-de-cookies\/","og_site_name":"Gonzalez Lawyers Group","article_modified_time":"2021-02-16T23:41:19+00:00","twitter_card":"summary_large_image","twitter_misc":{"Est. reading time":"3 minutes"},"schema":{"@context":"https:\/\/schema.org","@graph":[{"@type":"WebPage","@id":"https:\/\/gonzalezlawyersgroup.com\/aviso-de-cookies\/","url":"https:\/\/gonzalezlawyersgroup.com\/aviso-de-cookies\/","name":"Aviso de cookies &#8211; Gonzalez Lawyers Group","isPartOf":{"@id":"https:\/\/gonzalezlawyersgroup.com\/es\/#website"},"datePublished":"2021-02-09T14:26:07+00:00","dateModified":"2021-02-16T23:41:19+00:00","breadcrumb":{"@id":"https:\/\/gonzalezlawyersgroup.com\/aviso-de-cookies\/#breadcrumb"},"inLanguage":"en-US","potentialAction":[{"@type":"ReadAction","target":["https:\/\/gonzalezlawyersgroup.com\/aviso-de-cookies\/"]}]},{"@type":"BreadcrumbList","@id":"https:\/\/gonzalezlawyersgroup.com\/aviso-de-cookies\/#breadcrumb","itemListElement":[{"@type":"ListItem","position":1,"name":"Home","item":"https:\/\/gonzalezlawyersgroup.com\/"},{"@type":"ListItem","position":2,"name":"Aviso de cookies"}]},{"@type":"WebSite","@id":"https:\/\/gonzalezlawyersgroup.com\/es\/#website","url":"https:\/\/gonzalezlawyersgroup.com\/es\/","name":"Gonzalez Lawyers Group","description":"Asesor\u00edas Juridicas Integrales","publisher":{"@id":"https:\/\/gonzalezlawyersgroup.com\/es\/#organization"},"alternateName":"Gonzalez Lawyers Group","potentialAction":[{"@type":"SearchAction","target":{"@type":"EntryPoint","urlTemplate":"https:\/\/gonzalezlawyersgroup.com\/es\/?s={search_term_string}"},"query-input":{"@type":"PropertyValueSpecification","valueRequired":true,"valueName":"search_term_string"}}],"inLanguage":"en-US"},{"@type":"Organization","@id":"https:\/\/gonzalezlawyersgroup.com\/es\/#organization","name":"Gonzalez Lawyers Group","alternateName":"Gonzalez Lawyers Group","url":"https:\/\/gonzalezlawyersgroup.com\/es\/","logo":{"@type":"ImageObject","inLanguage":"en-US","@id":"https:\/\/gonzalezlawyersgroup.com\/es\/#\/schema\/logo\/image\/","url":"https:\/\/gonzalezlawyersgroup.com\/wp-content\/uploads\/2021\/02\/logo-glg-white-9.png","contentUrl":"https:\/\/gonzalezlawyersgroup.com\/wp-content\/uploads\/2021\/02\/logo-glg-white-9.png","width":191,"height":87,"caption":"Gonzalez Lawyers Group"},"image":{"@id":"https:\/\/gonzalezlawyersgroup.com\/es\/#\/schema\/logo\/image\/"}}]}},"_links":{"self":[{"href":"https:\/\/gonzalezlawyersgroup.com\/en\/wp-json\/wp\/v2\/pages\/5","targetHints":{"allow":["GET"]}}],"collection":[{"href":"https:\/\/gonzalezlawyersgroup.com\/en\/wp-json\/wp\/v2\/pages"}],"about":[{"href":"https:\/\/gonzalezlawyersgroup.com\/en\/wp-json\/wp\/v2\/types\/page"}],"author":[{"embeddable":true,"href":"https:\/\/gonzalezlawyersgroup.com\/en\/wp-json\/wp\/v2\/users\/1"}],"replies":[{"embeddable":true,"href":"https:\/\/gonzalezlawyersgroup.com\/en\/wp-json\/wp\/v2\/comments?post=5"}],"version-history":[{"count":11,"href":"https:\/\/gonzalezlawyersgroup.com\/en\/wp-json\/wp\/v2\/pages\/5\/revisions"}],"predecessor-version":[{"id":856,"href":"https:\/\/gonzalezlawyersgroup.com\/en\/wp-json\/wp\/v2\/pages\/5\/revisions\/856"}],"wp:attachment":[{"href":"https:\/\/gonzalezlawyersgroup.com\/en\/wp-json\/wp\/v2\/media?parent=5"}],"curies":[{"name":"wp","href":"https:\/\/api.w.org\/{rel}","templated":true}]}}