{"id":345,"date":"2021-02-10T23:19:01","date_gmt":"2021-02-10T23:19:01","guid":{"rendered":"https:\/\/glg.jak.com.co\/?page_id=345"},"modified":"2024-07-29T15:34:56","modified_gmt":"2024-07-29T20:34:56","slug":"politica-de-terminos-y-condiciones-de-uso","status":"publish","type":"page","link":"https:\/\/gonzalezlawyersgroup.com\/en\/politica-de-terminos-y-condiciones-de-uso\/","title":{"rendered":"Terms and conditions of use policy"},"content":{"rendered":"<div data-elementor-type=\"wp-page\" data-elementor-id=\"345\" class=\"elementor elementor-345\" data-elementor-post-type=\"page\">\n\t\t\t\t\t\t<section class=\"elementor-section elementor-top-section elementor-element elementor-element-38baad49 elementor-section-full_width elementor-section-height-default elementor-section-height-default\" data-id=\"38baad49\" data-element_type=\"section\">\n\t\t\t\t\t\t<div class=\"elementor-container elementor-column-gap-no\">\n\t\t\t\t\t<div class=\"elementor-column elementor-col-100 elementor-top-column elementor-element elementor-element-65918f26\" data-id=\"65918f26\" data-element_type=\"column\">\n\t\t\t<div class=\"elementor-widget-wrap elementor-element-populated\">\n\t\t\t\t\t\t<div class=\"elementor-element elementor-element-d830373 elementor--h-position-left elementor--v-position-middle elementor-arrows-position-inside elementor-pagination-position-inside elementor-widget elementor-widget-slides\" data-id=\"d830373\" data-element_type=\"widget\" data-settings=\"{&quot;navigation&quot;:&quot;both&quot;,&quot;autoplay&quot;:&quot;yes&quot;,&quot;pause_on_hover&quot;:&quot;yes&quot;,&quot;pause_on_interaction&quot;:&quot;yes&quot;,&quot;autoplay_speed&quot;:5000,&quot;infinite&quot;:&quot;yes&quot;,&quot;transition&quot;:&quot;slide&quot;,&quot;transition_speed&quot;:500}\" data-widget_type=\"slides.default\">\n\t\t\t\t<div class=\"elementor-widget-container\">\n\t\t\t\t\t\t\t\t\t<div class=\"elementor-swiper\">\n\t\t\t\t\t<div class=\"elementor-slides-wrapper elementor-main-swiper swiper\" role=\"region\" aria-roledescription=\"carousel\" aria-label=\"Slides\" dir=\"ltr\" data-animation=\"fadeInUp\">\n\t\t\t\t<div class=\"swiper-wrapper elementor-slides\">\n\t\t\t\t\t\t\t\t\t\t<div class=\"elementor-repeater-item-1ea25e1 swiper-slide\" role=\"group\" aria-roledescription=\"slide\"><div class=\"swiper-slide-bg elementor-ken-burns elementor-ken-burns--out\" role=\"img\"><\/div><div class=\"elementor-background-overlay\"><\/div><div class=\"swiper-slide-inner\" ><div class=\"swiper-slide-contents\"><div class=\"elementor-slide-heading\">Terms and conditions of use policy<\/div><\/div><\/div><\/div>\t\t\t\t<\/div>\n\t\t\t\t\t\t\t<\/div>\n\t\t\t\t<\/div>\n\t\t\t\t\t\t\t\t<\/div>\n\t\t\t\t<\/div>\n\t\t\t\t\t<\/div>\n\t\t<\/div>\n\t\t\t\t\t<\/div>\n\t\t<\/section>\n\t\t\t\t<section class=\"elementor-section elementor-top-section elementor-element elementor-element-e0d12f2 elementor-section-boxed elementor-section-height-default elementor-section-height-default\" data-id=\"e0d12f2\" data-element_type=\"section\">\n\t\t\t\t\t\t<div class=\"elementor-container elementor-column-gap-default\">\n\t\t\t\t\t<div class=\"elementor-column elementor-col-100 elementor-top-column elementor-element elementor-element-96b1ce7\" data-id=\"96b1ce7\" data-element_type=\"column\">\n\t\t\t<div class=\"elementor-widget-wrap elementor-element-populated\">\n\t\t\t\t\t\t<div class=\"elementor-element elementor-element-4de2690 elementor-widget elementor-widget-text-editor\" data-id=\"4de2690\" data-element_type=\"widget\" data-widget_type=\"text-editor.default\">\n\t\t\t\t<div class=\"elementor-widget-container\">\n\t\t\t\t\t\t\t\t\t<h1><span style=\"color: #333333;\"><strong>1. TERMS AND CONDITIONS OF THE WEBSITE<\/strong><\/span><\/h1><div><span style=\"color: #333333;\">Welcome to website <a style=\"color: #333333;\" href=\"https:\/\/gonzalezlawyersgroup.com\/en\/\">www.gonzalezlawyersgroup.com<\/a> , en adelante \u201cEl Sitio\u201d, controlado y operado por la compa\u00f1\u00eda GONZALEZ LAWYERS GROUP S.A.S. sociedad identificada con NIT 900406324 \u2013 1, Sociedad Comercial domiciliada en la Cra 52 No. 76 &#8211; 167, Oficina 408 Centro Empresarial Atlantic Center en la ciudad de Barranquilla- Atl\u00e1ntico, Rep\u00fablica de Colombia, cuyo objeto social est\u00e1 centrado en el desarrollo de actividades jur\u00eddicas, especialmente el de brindar asesor\u00edas jur\u00eddicas a personas naturales y jur\u00eddicas domiciliadas dentro del territorio Colombiano.<\/span><\/div><p><span style=\"color: #333333;\">This website's main objective is to publicize the legal services we offer and other information related to Colombian laws.<\/span><\/p><p><span style=\"color: #333333;\">Those Users who decide to enter the Site from other countries will do so on their own initiative and it is their responsibility to abide by the applicable local laws. Any claim in relation to the use of the Site and the material contained therein is regulated by Colombian law.<\/span><\/p><p><span style=\"color: #333333;\">By entering the Site, the User admits having read and understood the Terms and Conditions of Use, hereinafter (\"Terms and Conditions\"), which apply to access, use, registration and therefore assume the obligation to respect its content, policy of privacy, legal notifications and all the disclaimer clauses contained therein, therefore, by browsing this Website, you are consenting to its Terms of Use, if you do not agree with them, you do not You are authorized to continue browsing this Website, you must refrain from using, accessing and registering and you must immediately leave the Website.<\/span><\/p><p><span style=\"color: #333333;\">En cualquier momento y sin necesidad de previo aviso, GONZALEZ LAWYERS GROUP S.A.S. podr\u00e1 realizar modificaciones en el contenido, los servicios, la presentaci\u00f3n y configuraci\u00f3n de la p\u00e1gina web y a partir de la fecha de modificaci\u00f3n de estos T\u00e9rminos y Condiciones, todas las operaciones que se celebren entre el Sitio y el Usuario se regir\u00e1n por el documento modificado y en general por la legislaci\u00f3n colombiana vigente y aplicable. Todos los t\u00e9rminos modificados entrar\u00e1n en vigor a los 10 (diez) d\u00edas h\u00e1biles de su publicaci\u00f3n. Dentro de los 5 (cinco) d\u00edas h\u00e1biles siguientes a la publicaci\u00f3n de las modificaciones introducidas, el Usuario deber\u00e1 contactarnos, si no acepta las mismas; en ese caso quedar\u00e1 disuelto el v\u00ednculo contractual y ser\u00e1 inhabilitado como Usuario. Vencido este plazo, se considerar\u00e1 que el Usuario acepta los nuevos t\u00e9rminos y el contrato continuar\u00e1 vinculando a ambas partes.<\/span><\/p><p><span style=\"color: #333333;\">The design, presentation or configuration, registration requirements or use of the Website may also be modified in the same way, without generating any right to claim or compensation in favor of the user.<\/span><\/p><p><span style=\"color: #333333;\">It is the User's responsibility to periodically review the Terms and Conditions of Use. Continued use of the Website after changes have been made to these Website Terms and Conditions will mean that they accept those changes.<\/span><\/p><h1><span style=\"color: #333333;\"><strong>2. LEGAL CAPACITY<\/strong><\/span><\/h1><p><span style=\"color: #333333;\">The Services are only available to people who have the legal capacity to contract according to the provisions of current Colombian legislation. People who do not have that capacity or minors may not use the services. The acts that they carry out on this site will be the responsibility of their parents, guardians, managers or curators, and therefore they will be considered carried out by them in the exercise of their legal representation. Whoever registers a User as a company, must have the capacity to contract on behalf of such entity and to bind it under the terms of this Agreement. Consequently, with the registration, the Client declares and certifies that GONZALEZ LAWYERS GROUP S.A.S. It is not responsible for the information provided by its Clients including their date of birth and identification number, among others.<\/span><\/p><h1><span style=\"color: #333333;\"><strong>3. CONTACT FORM<\/strong><\/span><\/h1><p><span style=\"color: #333333;\">When the User uses the Website, they can choose to fill out the contact form. In which the following personal information will be collected:<\/span><\/p><ol type=\"1\"><li><span style=\"color: #333333;\">Contact information, including names and surnames, identification number, date of birth, place and address of residence, landline and cell phone number and email. The User assumes the commitment to update the Personal Data as necessary. By filling in the data you declare that you are allowed to receive calls at each of the telephone numbers that you have provided us, you also accept that GONZALEZ LAWYERS GROUP S.A.S. You may send emails to any email address you provide to us, or use other electronic means of communication to the extent permitted by law.<\/span><\/li><li><span style=\"color: #333333;\">Likewise, the User may make a brief description of the query or case on which they require legal advice.<\/span><\/li><\/ol><p><span style=\"color: #333333;\">The Client when entering their data declares under oath that they correspond to truthful and current information, GONZALEZ LAWYERS GROUP S.A.S., is not responsible for the accuracy of the personal data granted and \/ or supplied by the Clients. Users guarantee and respond, in any case, to the accuracy, veracity, validity and authenticity of the Personal Data entered.<\/span><\/p><p><span style=\"color: #333333;\">Si se verifica o sospecha un uso fraudulento y\/o malintencionado y\/o contrario a estos T\u00e9rminos y Condiciones y\/o contrarios a la buena fe, GONZALEZ LAWYERS GROUP S.A.S. tendr\u00e1 el derecho inapelable de dar por terminados los servicios, dar de baja las cuentas y hasta de perseguir judicialmente a los infractores.<\/span><\/p><p><span style=\"color: #333333;\">The information will be used for statistical and promotional purposes and the others that are mentioned in the purpose of the Personal Data Treatment Policy of GONZALEZ LAWYERS GROUP S.A.S.<\/span><\/p><p><span style=\"color: #333333;\">GONZALEZ LAWYERS GROUP S.A.S. reserves the right to (i) request additional information from the Client in order to corroborate personal data or (ii) temporarily or permanently suspend the services of those Clients whose data could not be confirmed or that are identified as possibly fraudulent; or (iii) delete any previously accepted registration; (iv) reject a new request, without being obliged to communicate or state the reasons for their decision and without generating any right to compensation or compensation in favor of the Client.<\/span><\/p><h1><span style=\"color: #333333;\"><strong>4. INTELLECTUAL PROPERTY<\/strong><\/span><\/h1><p><span style=\"color: #333333;\">The intellectual property rights over the Site and above all the content published therein are owned by GONZALEZ LAWYERS GROUP S.A.S. or they have been licensed to it by its third-party providers, so the reproduction, copy, alteration, modification, disclosure, total or partial reuse of it is expressly prohibited without the express prior authorization in writing from GONZALEZ LAWYERS GROUP SAS Consequently, the use of the information found on the Site is exclusive to GONZALEZ LAWYERS GROUP S.A.S.<\/span><\/p><p><span style=\"color: #333333;\">This Website and its content are protected by copyright, industrial property rights, patented trademarks and other laws. We reserve all rights not expressly granted in these Terms and Conditions of Use.<\/span><\/p><p><span style=\"color: #333333;\">Except as expressly indicated in these Terms of Use, none of these brands may be used, either alone or in combination with other words or design elements, including press releases, publicity or any other promotional, marketing or advertising material. communication, whether written, oral, electronic, visual or in any other format.<\/span><\/p><p><span style=\"color: #333333;\">References to third-party trademarks on this Website are for identification purposes only and do not refer to their approval of this Website or its content. These Terms of Use do not grant in any way the right to use third party trademarks.<\/span><\/p><p><span style=\"color: #333333;\">This Website contains only general information, through this Website no professional advice or services are provided, its sole purpose is to publicize the legal services that this company makes available to users who could become future customers, and that they could only acquire them through direct contact with the company, by email <a style=\"color: #333333;\" href=\"mailto:asesorias@gonzalezlawyersgroup.com\">asesorias@gonzalezlawyersgroup.com<\/a> \u00a0or by phone 3008010300 or by filling out the contact form.<\/span><\/p><p><span style=\"color: #333333;\">This Website is made available as it can be seen, and we do not grant implied or express guarantee in this regard. Notwithstanding the foregoing, we do not guarantee that the Website is safe, free of errors, viruses or malicious code, and that it meets particular criteria on performance and quality. We expressly disclaim all implicit warranties, including, without limitation, the warranties of merchantability, of any title, fitness for a particular purpose, non-infringement, compatibility, safety and accuracy.<\/span><\/p><p><span style=\"color: #333333;\">The use of this Website is at your own risk and you assume all responsibility and risk of loss derived from its use, including, without limitation, the loss of services or information. We will not be responsible for damages caused directly or indirectly, incidentally, consequentially or punitively, or for any other damage, whether in the exercise of the action of a contract, clause, or in any other way, in relation to, or as result, of the use of this Website, even if it was known about the possibility of causing such damage.<\/span><\/p><p><span style=\"color: #333333;\">The releases and limitations of liability mentioned above, in turn, will also apply to your staff. The above-mentioned releases and limitations of liability are applicable to the extent permitted by law.<\/span><\/p><h1><span style=\"color: #333333;\">\u00a0<strong>6. OPERATION OF THE SITE<\/strong><\/span><\/h1><p><span style=\"color: #333333;\">GONZALEZ LAWYERS GROUP S.A.S. will do its best to ensure that within its capabilities and as much as possible the operation of the Site is permanent and without errors, however, given the nature of the Site and given that it works on the internet, said guarantee cannot be absolute, therefore GONZALEZ LAWYERS GROUP SAS, does not guarantee the activity free of errors and interruptions. The Client declares to understand and accept that the system under which the Site works may present failures.<\/span><\/p><h1><span style=\"color: #333333;\"><strong>7. APPLICABLE LAW<\/strong><\/span><\/h1><p><span style=\"color: #333333;\">This agreement will be interpreted in accordance with the laws of Colombia, without giving effect to any principle of conflicts of law. If any statement in these Terms and Conditions is incomplete, inapplicable, declared null, non-existent or ineffective, it must be interpreted within the framework of the same and in any case it will not affect the validity and applicability of the remaining indications.<\/span><\/p><h1><span style=\"color: #333333;\"><strong>8. NOTIFICATIONS<\/strong><\/span><\/h1><p><span style=\"color: #333333;\">The Customer Service area will attend to the requests, complaints, claims and inquiries of the Users through the following means: attention lines for Barranquilla 3008010300 or by email <a style=\"color: #333333;\" href=\"mailto:asesorias@gonzalezlawyersgroup.com\">asesorias@gonzalezlawyersgroup.com<\/a> in the schedule: Monday to Friday from 08:00 a.m. at 6:00 p.m.<\/span><\/p><p><span style=\"color: #333333;\">Cualquier comentario, inquietud o reclamaci\u00f3n respecto de los anteriores T\u00e9rminos y Condiciones o la ejecuci\u00f3n de cualquiera de \u00e9stos, deber\u00e1 ser notificada por escrito a GONZALEZ LAWYERS GROUP S.A.S., a la siguiente direcci\u00f3n: Cra 52 No. 76 &#8211; 167, Oficina 408 Centro Empresarial Atlantic Center, Barranquilla, Atl\u00e1ntico.<\/span><\/p>\t\t\t\t\t\t\t\t<\/div>\n\t\t\t\t<\/div>\n\t\t\t\t\t<\/div>\n\t\t<\/div>\n\t\t\t\t\t<\/div>\n\t\t<\/section>\n\t\t\t\t<\/div>","protected":false},"excerpt":{"rendered":"<p>Pol\u00edtica de t\u00e9rminos y condiciones de uso 1.\u00a0\u00a0 TERMINOS Y CONDICIONES DEL SITIO WEB Bienvenido al sitio web www.gonzalezlawyersgroup.com , en adelante \u201cEl Sitio\u201d, controlado y operado por la compa\u00f1\u00eda GONZALEZ LAWYERS GROUP S.A.S. sociedad identificada con NIT 900406324 \u2013 1, Sociedad Comercial domiciliada en la Cra 52 No. 76 &#8211; 167, Oficina 408 Centro [&hellip;]<\/p>","protected":false},"author":1,"featured_media":0,"parent":0,"menu_order":0,"comment_status":"closed","ping_status":"closed","template":"elementor_header_footer","meta":{"_joinchat":[],"footnotes":""},"class_list":["post-345","page","type-page","status-publish","hentry"],"yoast_head":"<!-- This site is optimized with the Yoast SEO plugin v24.8.1 - https:\/\/yoast.com\/wordpress\/plugins\/seo\/ -->\n<title>Pol\u00edtica de t\u00e9rminos y condiciones de uso &#8211; Gonzalez Lawyers Group<\/title>\n<meta name=\"robots\" content=\"index, follow, max-snippet:-1, max-image-preview:large, max-video-preview:-1\" \/>\n<link rel=\"canonical\" href=\"https:\/\/gonzalezlawyersgroup.com\/en\/politica-de-terminos-y-condiciones-de-uso\/\" \/>\n<meta property=\"og:locale\" content=\"en_US\" \/>\n<meta property=\"og:type\" content=\"article\" \/>\n<meta property=\"og:title\" content=\"Pol\u00edtica de t\u00e9rminos y condiciones de uso &#8211; Gonzalez Lawyers Group\" \/>\n<meta property=\"og:description\" content=\"Pol\u00edtica de t\u00e9rminos y condiciones de uso 1.\u00a0\u00a0 TERMINOS Y CONDICIONES DEL SITIO WEB Bienvenido al sitio web www.gonzalezlawyersgroup.com , en adelante \u201cEl Sitio\u201d, controlado y operado por la compa\u00f1\u00eda GONZALEZ LAWYERS GROUP S.A.S. sociedad identificada con NIT 900406324 \u2013 1, Sociedad Comercial domiciliada en la Cra 52 No. 76 &#8211; 167, Oficina 408 Centro [&hellip;]\" \/>\n<meta property=\"og:url\" content=\"https:\/\/gonzalezlawyersgroup.com\/en\/politica-de-terminos-y-condiciones-de-uso\/\" \/>\n<meta property=\"og:site_name\" content=\"Gonzalez Lawyers Group\" \/>\n<meta property=\"article:modified_time\" content=\"2024-07-29T20:34:56+00:00\" \/>\n<meta name=\"twitter:card\" content=\"summary_large_image\" \/>\n<meta name=\"twitter:label1\" content=\"Est. reading time\" \/>\n\t<meta name=\"twitter:data1\" content=\"9 minutes\" \/>\n<script type=\"application\/ld+json\" class=\"yoast-schema-graph\">{\"@context\":\"https:\/\/schema.org\",\"@graph\":[{\"@type\":\"WebPage\",\"@id\":\"https:\/\/gonzalezlawyersgroup.com\/politica-de-terminos-y-condiciones-de-uso\/\",\"url\":\"https:\/\/gonzalezlawyersgroup.com\/politica-de-terminos-y-condiciones-de-uso\/\",\"name\":\"Pol\u00edtica de t\u00e9rminos y condiciones de uso &#8211; Gonzalez Lawyers Group\",\"isPartOf\":{\"@id\":\"https:\/\/gonzalezlawyersgroup.com\/es\/#website\"},\"datePublished\":\"2021-02-10T23:19:01+00:00\",\"dateModified\":\"2024-07-29T20:34:56+00:00\",\"breadcrumb\":{\"@id\":\"https:\/\/gonzalezlawyersgroup.com\/politica-de-terminos-y-condiciones-de-uso\/#breadcrumb\"},\"inLanguage\":\"en-US\",\"potentialAction\":[{\"@type\":\"ReadAction\",\"target\":[\"https:\/\/gonzalezlawyersgroup.com\/politica-de-terminos-y-condiciones-de-uso\/\"]}]},{\"@type\":\"BreadcrumbList\",\"@id\":\"https:\/\/gonzalezlawyersgroup.com\/politica-de-terminos-y-condiciones-de-uso\/#breadcrumb\",\"itemListElement\":[{\"@type\":\"ListItem\",\"position\":1,\"name\":\"Home\",\"item\":\"https:\/\/gonzalezlawyersgroup.com\/\"},{\"@type\":\"ListItem\",\"position\":2,\"name\":\"Pol\u00edtica de t\u00e9rminos y condiciones de uso\"}]},{\"@type\":\"WebSite\",\"@id\":\"https:\/\/gonzalezlawyersgroup.com\/es\/#website\",\"url\":\"https:\/\/gonzalezlawyersgroup.com\/es\/\",\"name\":\"Gonzalez Lawyers Group\",\"description\":\"Asesor\u00edas Juridicas Integrales\",\"publisher\":{\"@id\":\"https:\/\/gonzalezlawyersgroup.com\/es\/#organization\"},\"alternateName\":\"Gonzalez Lawyers Group\",\"potentialAction\":[{\"@type\":\"SearchAction\",\"target\":{\"@type\":\"EntryPoint\",\"urlTemplate\":\"https:\/\/gonzalezlawyersgroup.com\/es\/?s={search_term_string}\"},\"query-input\":{\"@type\":\"PropertyValueSpecification\",\"valueRequired\":true,\"valueName\":\"search_term_string\"}}],\"inLanguage\":\"en-US\"},{\"@type\":\"Organization\",\"@id\":\"https:\/\/gonzalezlawyersgroup.com\/es\/#organization\",\"name\":\"Gonzalez Lawyers Group\",\"alternateName\":\"Gonzalez Lawyers Group\",\"url\":\"https:\/\/gonzalezlawyersgroup.com\/es\/\",\"logo\":{\"@type\":\"ImageObject\",\"inLanguage\":\"en-US\",\"@id\":\"https:\/\/gonzalezlawyersgroup.com\/es\/#\/schema\/logo\/image\/\",\"url\":\"https:\/\/gonzalezlawyersgroup.com\/wp-content\/uploads\/2021\/02\/logo-glg-white-9.png\",\"contentUrl\":\"https:\/\/gonzalezlawyersgroup.com\/wp-content\/uploads\/2021\/02\/logo-glg-white-9.png\",\"width\":191,\"height\":87,\"caption\":\"Gonzalez Lawyers Group\"},\"image\":{\"@id\":\"https:\/\/gonzalezlawyersgroup.com\/es\/#\/schema\/logo\/image\/\"}}]}<\/script>\n<!-- \/ Yoast SEO plugin. -->","yoast_head_json":{"title":"Pol\u00edtica de t\u00e9rminos y condiciones de uso &#8211; Gonzalez Lawyers Group","robots":{"index":"index","follow":"follow","max-snippet":"max-snippet:-1","max-image-preview":"max-image-preview:large","max-video-preview":"max-video-preview:-1"},"canonical":"https:\/\/gonzalezlawyersgroup.com\/en\/politica-de-terminos-y-condiciones-de-uso\/","og_locale":"en_US","og_type":"article","og_title":"Pol\u00edtica de t\u00e9rminos y condiciones de uso &#8211; Gonzalez Lawyers Group","og_description":"Pol\u00edtica de t\u00e9rminos y condiciones de uso 1.\u00a0\u00a0 TERMINOS Y CONDICIONES DEL SITIO WEB Bienvenido al sitio web www.gonzalezlawyersgroup.com , en adelante \u201cEl Sitio\u201d, controlado y operado por la compa\u00f1\u00eda GONZALEZ LAWYERS GROUP S.A.S. sociedad identificada con NIT 900406324 \u2013 1, Sociedad Comercial domiciliada en la Cra 52 No. 76 &#8211; 167, Oficina 408 Centro [&hellip;]","og_url":"https:\/\/gonzalezlawyersgroup.com\/en\/politica-de-terminos-y-condiciones-de-uso\/","og_site_name":"Gonzalez Lawyers Group","article_modified_time":"2024-07-29T20:34:56+00:00","twitter_card":"summary_large_image","twitter_misc":{"Est. reading time":"9 minutes"},"schema":{"@context":"https:\/\/schema.org","@graph":[{"@type":"WebPage","@id":"https:\/\/gonzalezlawyersgroup.com\/politica-de-terminos-y-condiciones-de-uso\/","url":"https:\/\/gonzalezlawyersgroup.com\/politica-de-terminos-y-condiciones-de-uso\/","name":"Pol\u00edtica de t\u00e9rminos y condiciones de uso &#8211; Gonzalez Lawyers Group","isPartOf":{"@id":"https:\/\/gonzalezlawyersgroup.com\/es\/#website"},"datePublished":"2021-02-10T23:19:01+00:00","dateModified":"2024-07-29T20:34:56+00:00","breadcrumb":{"@id":"https:\/\/gonzalezlawyersgroup.com\/politica-de-terminos-y-condiciones-de-uso\/#breadcrumb"},"inLanguage":"en-US","potentialAction":[{"@type":"ReadAction","target":["https:\/\/gonzalezlawyersgroup.com\/politica-de-terminos-y-condiciones-de-uso\/"]}]},{"@type":"BreadcrumbList","@id":"https:\/\/gonzalezlawyersgroup.com\/politica-de-terminos-y-condiciones-de-uso\/#breadcrumb","itemListElement":[{"@type":"ListItem","position":1,"name":"Home","item":"https:\/\/gonzalezlawyersgroup.com\/"},{"@type":"ListItem","position":2,"name":"Pol\u00edtica de t\u00e9rminos y condiciones de uso"}]},{"@type":"WebSite","@id":"https:\/\/gonzalezlawyersgroup.com\/es\/#website","url":"https:\/\/gonzalezlawyersgroup.com\/es\/","name":"Gonzalez Lawyers Group","description":"Asesor\u00edas Juridicas Integrales","publisher":{"@id":"https:\/\/gonzalezlawyersgroup.com\/es\/#organization"},"alternateName":"Gonzalez Lawyers Group","potentialAction":[{"@type":"SearchAction","target":{"@type":"EntryPoint","urlTemplate":"https:\/\/gonzalezlawyersgroup.com\/es\/?s={search_term_string}"},"query-input":{"@type":"PropertyValueSpecification","valueRequired":true,"valueName":"search_term_string"}}],"inLanguage":"en-US"},{"@type":"Organization","@id":"https:\/\/gonzalezlawyersgroup.com\/es\/#organization","name":"Gonzalez Lawyers Group","alternateName":"Gonzalez Lawyers Group","url":"https:\/\/gonzalezlawyersgroup.com\/es\/","logo":{"@type":"ImageObject","inLanguage":"en-US","@id":"https:\/\/gonzalezlawyersgroup.com\/es\/#\/schema\/logo\/image\/","url":"https:\/\/gonzalezlawyersgroup.com\/wp-content\/uploads\/2021\/02\/logo-glg-white-9.png","contentUrl":"https:\/\/gonzalezlawyersgroup.com\/wp-content\/uploads\/2021\/02\/logo-glg-white-9.png","width":191,"height":87,"caption":"Gonzalez Lawyers Group"},"image":{"@id":"https:\/\/gonzalezlawyersgroup.com\/es\/#\/schema\/logo\/image\/"}}]}},"_links":{"self":[{"href":"https:\/\/gonzalezlawyersgroup.com\/en\/wp-json\/wp\/v2\/pages\/345","targetHints":{"allow":["GET"]}}],"collection":[{"href":"https:\/\/gonzalezlawyersgroup.com\/en\/wp-json\/wp\/v2\/pages"}],"about":[{"href":"https:\/\/gonzalezlawyersgroup.com\/en\/wp-json\/wp\/v2\/types\/page"}],"author":[{"embeddable":true,"href":"https:\/\/gonzalezlawyersgroup.com\/en\/wp-json\/wp\/v2\/users\/1"}],"replies":[{"embeddable":true,"href":"https:\/\/gonzalezlawyersgroup.com\/en\/wp-json\/wp\/v2\/comments?post=345"}],"version-history":[{"count":16,"href":"https:\/\/gonzalezlawyersgroup.com\/en\/wp-json\/wp\/v2\/pages\/345\/revisions"}],"predecessor-version":[{"id":1897,"href":"https:\/\/gonzalezlawyersgroup.com\/en\/wp-json\/wp\/v2\/pages\/345\/revisions\/1897"}],"wp:attachment":[{"href":"https:\/\/gonzalezlawyersgroup.com\/en\/wp-json\/wp\/v2\/media?parent=345"}],"curies":[{"name":"wp","href":"https:\/\/api.w.org\/{rel}","templated":true}]}}