{"id":338,"date":"2021-02-10T22:56:30","date_gmt":"2021-02-10T22:56:30","guid":{"rendered":"https:\/\/glg.jak.com.co\/?page_id=338"},"modified":"2024-07-25T09:49:20","modified_gmt":"2024-07-25T14:49:20","slug":"aviso-de-privacidad","status":"publish","type":"page","link":"https:\/\/gonzalezlawyersgroup.com\/en\/aviso-de-privacidad\/","title":{"rendered":"Aviso de Privacidad"},"content":{"rendered":"<div data-elementor-type=\"wp-page\" data-elementor-id=\"338\" class=\"elementor elementor-338\" data-elementor-post-type=\"page\">\n\t\t\t\t\t\t<section class=\"elementor-section elementor-top-section elementor-element elementor-element-17a8dd71 elementor-section-full_width elementor-section-height-default elementor-section-height-default\" data-id=\"17a8dd71\" data-element_type=\"section\">\n\t\t\t\t\t\t<div class=\"elementor-container elementor-column-gap-no\">\n\t\t\t\t\t<div class=\"elementor-column elementor-col-100 elementor-top-column elementor-element elementor-element-4a168fb2\" data-id=\"4a168fb2\" data-element_type=\"column\">\n\t\t\t<div class=\"elementor-widget-wrap elementor-element-populated\">\n\t\t\t\t\t\t<div class=\"elementor-element elementor-element-3a6a77b elementor--h-position-left elementor--v-position-middle elementor-arrows-position-inside elementor-pagination-position-inside elementor-widget elementor-widget-slides\" data-id=\"3a6a77b\" data-element_type=\"widget\" data-settings=\"{&quot;navigation&quot;:&quot;both&quot;,&quot;autoplay&quot;:&quot;yes&quot;,&quot;pause_on_hover&quot;:&quot;yes&quot;,&quot;pause_on_interaction&quot;:&quot;yes&quot;,&quot;autoplay_speed&quot;:5000,&quot;infinite&quot;:&quot;yes&quot;,&quot;transition&quot;:&quot;slide&quot;,&quot;transition_speed&quot;:500}\" data-widget_type=\"slides.default\">\n\t\t\t\t<div class=\"elementor-widget-container\">\n\t\t\t\t\t\t\t\t\t<div class=\"elementor-swiper\">\n\t\t\t\t\t<div class=\"elementor-slides-wrapper elementor-main-swiper swiper\" role=\"region\" aria-roledescription=\"carousel\" aria-label=\"Slides\" dir=\"ltr\" data-animation=\"fadeInUp\">\n\t\t\t\t<div class=\"swiper-wrapper elementor-slides\">\n\t\t\t\t\t\t\t\t\t\t<div class=\"elementor-repeater-item-1ea25e1 swiper-slide\" role=\"group\" aria-roledescription=\"slide\"><div class=\"swiper-slide-bg elementor-ken-burns elementor-ken-burns--out\" role=\"img\"><\/div><div class=\"elementor-background-overlay\"><\/div><div class=\"swiper-slide-inner\" ><div class=\"swiper-slide-contents\"><div class=\"elementor-slide-heading\">Notice of Privacy<\/div><\/div><\/div><\/div>\t\t\t\t<\/div>\n\t\t\t\t\t\t\t<\/div>\n\t\t\t\t<\/div>\n\t\t\t\t\t\t\t\t<\/div>\n\t\t\t\t<\/div>\n\t\t\t\t\t<\/div>\n\t\t<\/div>\n\t\t\t\t\t<\/div>\n\t\t<\/section>\n\t\t\t\t<section class=\"elementor-section elementor-top-section elementor-element elementor-element-d2d7381 elementor-section-boxed elementor-section-height-default elementor-section-height-default\" data-id=\"d2d7381\" data-element_type=\"section\">\n\t\t\t\t\t\t<div class=\"elementor-container elementor-column-gap-default\">\n\t\t\t\t\t<div class=\"elementor-column elementor-col-100 elementor-top-column elementor-element elementor-element-c8e867d\" data-id=\"c8e867d\" data-element_type=\"column\">\n\t\t\t<div class=\"elementor-widget-wrap elementor-element-populated\">\n\t\t\t\t\t\t<div class=\"elementor-element elementor-element-43a3b32 elementor-widget elementor-widget-text-editor\" data-id=\"43a3b32\" data-element_type=\"widget\" data-widget_type=\"text-editor.default\">\n\t\t\t\t<div class=\"elementor-widget-container\">\n\t\t\t\t\t\t\t\t\t<p><span style=\"color: #333333;\">GONZALEZ LAWYERS GROUP S.A.S. It is allowed to inform all interested parties that, in compliance with our Personal Data Treatment Policy, the personal data that we obtain by virtue of the operations that you request or celebrate with this company, will be treated in accordance with the principles and duties defined in Law 1581 of 2012 and other regulations that deal with and regulate this matter.<\/span><\/p>\n<p><span style=\"color: #333333;\">This privacy notice explains how we protect your information collected through: (1) The page that will be referred to hereinafter as \"this website\". (2) Any other way of interacting with you through the communications developed by the company. In that sense, by using the website or deciding to accept receiving communications, it implies that you accept the treatment of said information in accordance with this Privacy Notice.<\/span><\/p>\n<p><span style=\"color: #333333;\"><strong>Responsible for the Treatment of your Personal Data.<\/strong> The person responsible for the processing of your personal data will be GONZALEZ LAWYERS GROUP S.A.S. To whom the interested parties may contact for the effective exercise of their rights of access, rectification, updating, deletion and revocation of the authorization of treatment.<\/span><\/p>\n<p><strong style=\"color: rgb(51, 51, 51);\">Address.<\/strong><font color=\"#333333\"> Para efectos del presente Aviso de Privacidad, GONZALEZ LAWYERS GROUP S.A.S. se\u00f1ala como su domicilio la ciudad de Barranquilla (Atl\u00e1ntico) en la Cra 52 No. 76 &#8211; 167, Oficina 408 Centro Empresarial Atlantic Center, Tel\u00e9fono 3008010300.<\/font><\/p>\n<p><span style=\"color: #333333;\"><strong>Compilation of information.<\/strong> As a visitor, you do not have to provide personal information to use the Website. This Website only collects personal information that is specifically and voluntarily provided by visitors. Such information may consist of, but is not limited to, your name, identification, current title, company address, email address, and telephone and fax numbers.<\/span><\/p>\n<p><span style=\"color: #333333;\">This company generally does not request sensitive information (for example, data related to race or ethnic origin, religious beliefs, criminal history, physical, mental health, or sexual orientation) from visitors. If necessary, we will obtain your express consent to collect and use such information.<\/span><\/p>\n<p><span style=\"color: #333333;\"><strong>Cookie information.<\/strong> This Website collects standard registration information, including your IP address, browser type, language, access times and website addresses. To ensure that this Website is being well managed and to facilitate better navigation, we or our service providers may use cookies (small text files that are stored in the user's browser) to collect aggregated data. For additional information on how we use cookies and other tracking technologies and how they can be controlled, you can review our Cookie Usage Notice.<\/span><\/p>\n<p><span style=\"color: #333333;\"><strong>Authorization of personal data processing.<\/strong> In the case of the website, the authorization is understood to be granted in favor of GONZALEZ LAWYERS GROUP S.A.S. from the first use of the website. In any case, the authorization must be given by the Holder and it must be possible to verify that he knows and accepts that GONZALEZ LAWYERS GROUP S.A.S. will collect and use the information for the purposes that are disclosed to it for the purpose prior to the granting of authorization.<\/span><\/p>\n<p><span style=\"color: #333333;\"><strong>Processing of Personal Data without prior authorization.<\/strong> GONZALEZ LAWYERS GROUP S.A.S. may process personal data without prior authorization from the owner in all cases in which these are of a public nature. The foregoing in accordance with article 10 of Law 1581 of 2012.<\/span><\/p>\n<p><span style=\"color: #333333;\"><strong>Processing of Personal Data with prior authorization.<\/strong> GONZALEZ LAWYERS GROUP S.A.S. collects and processes other personal data necessary to meet the fulfillment of its functions and the other rules that complement its operational legal framework.<\/span><\/p>\n<p><span style=\"color: #333333;\"><strong>Purposes of the Treatment.<\/strong> Los datos personales que GONZALEZ LAWYERS GROUP S.A.S recoja a trav\u00e9s de sus diferentes canales transaccionales, ser\u00e1n usados para la operaci\u00f3n y registro dentro de las funciones y finalidades regladas. As\u00ed mismo, GONZALEZ LAWYERS GROUP S.A.S podr\u00e1 utilizar sus datos personales para ofrecerle y\/o informarle, en su caso, de otros productos y\/o servicios prestados por GONZALEZ LAWYERS GROUP S.A.S<\/span><\/p>\n<p><span style=\"color: #333333;\"><strong>Treatment to which the Personal Data will be submitted:<\/strong> The treatment of essential personal data of clients, suppliers, contractors, workers and former employees, will be framed in the legal order and by virtue of the condition GONZALEZ LAWYERS GROUP SAS as a private entity, and will be all necessary for the fulfillment of the obligations and within the legal framework and the execution of its corporate purpose.<\/span><\/p>\n<p><span style=\"color: #333333;\">The databases of clients and other users mentioned are treated with the purpose of linking and providing the professional services contracted by them, in accordance with the respective corporate purpose. It is also used to send you information that in the opinion of the company may be of interest to you; as well as, among others, inviting them to events organized by the company; send newsletters, sector reports or publications and, in general, use the data for the development of the activities included in the company's corporate purpose.<\/span><br><span style=\"color: #333333;\">The supplier database seeks to have updated, consistent and sufficient information about the people who have the quality of suppliers and contractors, the treatment of this data is intended to comply with the obligations acquired by virtue of the respective relationship.<\/span><br><span style=\"color: #333333;\">The employee database keeps the information of the collaborators of GONZALEZ LAWYERS GROUP S.A.S. so that the employment relationship develops properly.<\/span><br><span style=\"color: #333333;\">Through the database of former employees, information related to aspects of social security, pension and work history is stored for the purposes of documentary conservation and archiving, during the term established in the labor law.<\/span><\/p>\n<p><span style=\"color: #333333;\">Special authorization of sensitive personal data. The company informs all its holders that by virtue of Law 1581 of 2012 and Regulatory Decree 1074 of 2015 it is not obliged to grant authorization for the processing of sensitive data.<\/span><\/p>\n<p><span style=\"color: #333333;\">Sensitive data is understood to be those that affect the privacy of the Holder or whose improper use may generate discrimination, such as those that reveal racial or ethnic origin, political orientation, religious or philosophical convictions, membership of unions, social organizations, of human rights or that promotes the interests of any political party or that guarantees the rights and guarantees of opposition political parties as well as data related to health, sexual life and biometric data.<\/span><\/p>\n<p><span style=\"color: #333333;\"><strong>Transfer of Personal Data:<\/strong> GONZALEZ LAWYERS GROUP S.A.S. You may transfer your personal data to third parties, affiliates or subsidiaries, and to third parties with whom they have an operational relationship that provide services necessary for their proper operation, or in accordance with the functions established in their charge in commercial legislation and regulatory standards. In these cases, we inform you that GONZALEZ LAWYERS GROUP S.A.S. will adopt the necessary measures so that the people who have access to their personal data comply with the Personal Data Protection Policy, the Security Document and with the principles of personal data protection established by law and adopted by GONZALEZ LAWYERS GROUP S.A.S.<\/span><\/p>\n<p><span style=\"color: #333333;\"><strong>Information transmission.<\/strong> In accordance with the provisions of Decree 1074 2015 and in response to the internal policies and procedures of the company, the national and international transmission of personal data may be carried out. The company, as the person responsible for the processing of personal data, will issue instructions on the scope of the activities that the Person in Charge will carry out on behalf of the company for the processing of personal data. In the same way, the treatment carried out by the Manager will comply with the provisions of this Privacy Policy. The person in charge of the treatment of personal data will be in charge of safeguarding the databases and in the same way, keeping the confidentiality of the same.<\/span><\/p>\n<p><span style=\"color: #333333;\"><strong>Exercise of your Rights:<\/strong> You or your duly accredited legal representative may limit the use or disclosure of your personal data; as well as to exercise, when appropriate, the rights of Access (Know), Update, Rectification or Suppression that the law provides through the communication channels that GONZALEZ LAWYERS GROUP S.A.S provides for such purposes free of charge. It is important to mention that the exercise of any of these rights is not a prerequisite or prevents the exercise of another right. For more information about this procedure, you can consult it in the company's personal data treatment policy.<\/span><\/p>\n<p><span style=\"color: #333333;\"><strong>Modifications to the privacy notice:<\/strong> GONZALEZ LAWYERS GROUP S.A.S. reserves the right to modify, at any time, unilaterally, this notice, the revision date at the top of this page will be updated, and that modification or amendment will be effective for you and your information as of the date update. We recommend that you periodically review this Privacy Notice to be informed about how we are protecting your information.<\/span><\/p>\n<p><span style=\"color: #333333;\"><strong>Security of the information.<\/strong> GONZALEZ LAWYERS GROUP S.A.S. has adopted the technological, legal and procedural measures possible and necessary for the protection of your personal data, in order to guarantee the attributes of authenticity, integrity and availability of the information.<\/span><\/p>\n<p><em><span style=\"color: #333333;\">For more information about the Treatment of your Personal Data, you can consult the following link <a style=\"color: #333333;\" href=\"\/en\/politica-de-tratamiento-de-datos-personales\/\">HERE<\/a> the Personal Data Treatment Policy of GONZALEZ LAWYERS GROUP S.A.S.<\/span><\/em><\/p>\t\t\t\t\t\t\t\t<\/div>\n\t\t\t\t<\/div>\n\t\t\t\t\t<\/div>\n\t\t<\/div>\n\t\t\t\t\t<\/div>\n\t\t<\/section>\n\t\t\t\t<\/div>","protected":false},"excerpt":{"rendered":"<p>Aviso de privacidad GONZALEZ LAWYERS GROUP S.A.S. se permite informar a todos los interesados, que, en cumplimiento de nuestra Pol\u00edtica de tratamiento de Datos Personales, los datos personales que obtengamos en virtud de las operaciones que usted solicite o celebre con esta compa\u00f1\u00eda, ser\u00e1n tratados conforme a los principios y deberes definidos en la Ley [&hellip;]<\/p>","protected":false},"author":1,"featured_media":0,"parent":0,"menu_order":0,"comment_status":"closed","ping_status":"closed","template":"elementor_header_footer","meta":{"_joinchat":[],"footnotes":""},"class_list":["post-338","page","type-page","status-publish","hentry"],"yoast_head":"<!-- This site is optimized with the Yoast SEO plugin v24.8.1 - https:\/\/yoast.com\/wordpress\/plugins\/seo\/ -->\n<title>Aviso de Privacidad &#8211; Gonzalez Lawyers Group<\/title>\n<meta name=\"robots\" content=\"index, follow, max-snippet:-1, max-image-preview:large, max-video-preview:-1\" \/>\n<link rel=\"canonical\" href=\"https:\/\/gonzalezlawyersgroup.com\/en\/aviso-de-privacidad\/\" \/>\n<meta property=\"og:locale\" content=\"en_US\" \/>\n<meta property=\"og:type\" content=\"article\" \/>\n<meta property=\"og:title\" content=\"Aviso de Privacidad &#8211; Gonzalez Lawyers Group\" \/>\n<meta property=\"og:description\" content=\"Aviso de privacidad GONZALEZ LAWYERS GROUP S.A.S. se permite informar a todos los interesados, que, en cumplimiento de nuestra Pol\u00edtica de tratamiento de Datos Personales, los datos personales que obtengamos en virtud de las operaciones que usted solicite o celebre con esta compa\u00f1\u00eda, ser\u00e1n tratados conforme a los principios y deberes definidos en la Ley [&hellip;]\" \/>\n<meta property=\"og:url\" content=\"https:\/\/gonzalezlawyersgroup.com\/en\/aviso-de-privacidad\/\" \/>\n<meta property=\"og:site_name\" content=\"Gonzalez Lawyers Group\" \/>\n<meta property=\"article:modified_time\" content=\"2024-07-25T14:49:20+00:00\" \/>\n<meta name=\"twitter:card\" content=\"summary_large_image\" \/>\n<meta name=\"twitter:label1\" content=\"Est. reading time\" \/>\n\t<meta name=\"twitter:data1\" content=\"7 minutes\" \/>\n<script type=\"application\/ld+json\" class=\"yoast-schema-graph\">{\"@context\":\"https:\/\/schema.org\",\"@graph\":[{\"@type\":\"WebPage\",\"@id\":\"https:\/\/gonzalezlawyersgroup.com\/aviso-de-privacidad\/\",\"url\":\"https:\/\/gonzalezlawyersgroup.com\/aviso-de-privacidad\/\",\"name\":\"Aviso de Privacidad &#8211; Gonzalez Lawyers Group\",\"isPartOf\":{\"@id\":\"https:\/\/gonzalezlawyersgroup.com\/es\/#website\"},\"datePublished\":\"2021-02-10T22:56:30+00:00\",\"dateModified\":\"2024-07-25T14:49:20+00:00\",\"breadcrumb\":{\"@id\":\"https:\/\/gonzalezlawyersgroup.com\/aviso-de-privacidad\/#breadcrumb\"},\"inLanguage\":\"en-US\",\"potentialAction\":[{\"@type\":\"ReadAction\",\"target\":[\"https:\/\/gonzalezlawyersgroup.com\/aviso-de-privacidad\/\"]}]},{\"@type\":\"BreadcrumbList\",\"@id\":\"https:\/\/gonzalezlawyersgroup.com\/aviso-de-privacidad\/#breadcrumb\",\"itemListElement\":[{\"@type\":\"ListItem\",\"position\":1,\"name\":\"Home\",\"item\":\"https:\/\/gonzalezlawyersgroup.com\/\"},{\"@type\":\"ListItem\",\"position\":2,\"name\":\"Aviso de Privacidad\"}]},{\"@type\":\"WebSite\",\"@id\":\"https:\/\/gonzalezlawyersgroup.com\/es\/#website\",\"url\":\"https:\/\/gonzalezlawyersgroup.com\/es\/\",\"name\":\"Gonzalez Lawyers Group\",\"description\":\"Asesor\u00edas Juridicas Integrales\",\"publisher\":{\"@id\":\"https:\/\/gonzalezlawyersgroup.com\/es\/#organization\"},\"alternateName\":\"Gonzalez Lawyers Group\",\"potentialAction\":[{\"@type\":\"SearchAction\",\"target\":{\"@type\":\"EntryPoint\",\"urlTemplate\":\"https:\/\/gonzalezlawyersgroup.com\/es\/?s={search_term_string}\"},\"query-input\":{\"@type\":\"PropertyValueSpecification\",\"valueRequired\":true,\"valueName\":\"search_term_string\"}}],\"inLanguage\":\"en-US\"},{\"@type\":\"Organization\",\"@id\":\"https:\/\/gonzalezlawyersgroup.com\/es\/#organization\",\"name\":\"Gonzalez Lawyers Group\",\"alternateName\":\"Gonzalez Lawyers Group\",\"url\":\"https:\/\/gonzalezlawyersgroup.com\/es\/\",\"logo\":{\"@type\":\"ImageObject\",\"inLanguage\":\"en-US\",\"@id\":\"https:\/\/gonzalezlawyersgroup.com\/es\/#\/schema\/logo\/image\/\",\"url\":\"https:\/\/gonzalezlawyersgroup.com\/wp-content\/uploads\/2021\/02\/logo-glg-white-9.png\",\"contentUrl\":\"https:\/\/gonzalezlawyersgroup.com\/wp-content\/uploads\/2021\/02\/logo-glg-white-9.png\",\"width\":191,\"height\":87,\"caption\":\"Gonzalez Lawyers Group\"},\"image\":{\"@id\":\"https:\/\/gonzalezlawyersgroup.com\/es\/#\/schema\/logo\/image\/\"}}]}<\/script>\n<!-- \/ Yoast SEO plugin. -->","yoast_head_json":{"title":"Aviso de Privacidad &#8211; Gonzalez Lawyers Group","robots":{"index":"index","follow":"follow","max-snippet":"max-snippet:-1","max-image-preview":"max-image-preview:large","max-video-preview":"max-video-preview:-1"},"canonical":"https:\/\/gonzalezlawyersgroup.com\/en\/aviso-de-privacidad\/","og_locale":"en_US","og_type":"article","og_title":"Aviso de Privacidad &#8211; Gonzalez Lawyers Group","og_description":"Aviso de privacidad GONZALEZ LAWYERS GROUP S.A.S. se permite informar a todos los interesados, que, en cumplimiento de nuestra Pol\u00edtica de tratamiento de Datos Personales, los datos personales que obtengamos en virtud de las operaciones que usted solicite o celebre con esta compa\u00f1\u00eda, ser\u00e1n tratados conforme a los principios y deberes definidos en la Ley [&hellip;]","og_url":"https:\/\/gonzalezlawyersgroup.com\/en\/aviso-de-privacidad\/","og_site_name":"Gonzalez Lawyers Group","article_modified_time":"2024-07-25T14:49:20+00:00","twitter_card":"summary_large_image","twitter_misc":{"Est. reading time":"7 minutes"},"schema":{"@context":"https:\/\/schema.org","@graph":[{"@type":"WebPage","@id":"https:\/\/gonzalezlawyersgroup.com\/aviso-de-privacidad\/","url":"https:\/\/gonzalezlawyersgroup.com\/aviso-de-privacidad\/","name":"Aviso de Privacidad &#8211; Gonzalez Lawyers Group","isPartOf":{"@id":"https:\/\/gonzalezlawyersgroup.com\/es\/#website"},"datePublished":"2021-02-10T22:56:30+00:00","dateModified":"2024-07-25T14:49:20+00:00","breadcrumb":{"@id":"https:\/\/gonzalezlawyersgroup.com\/aviso-de-privacidad\/#breadcrumb"},"inLanguage":"en-US","potentialAction":[{"@type":"ReadAction","target":["https:\/\/gonzalezlawyersgroup.com\/aviso-de-privacidad\/"]}]},{"@type":"BreadcrumbList","@id":"https:\/\/gonzalezlawyersgroup.com\/aviso-de-privacidad\/#breadcrumb","itemListElement":[{"@type":"ListItem","position":1,"name":"Home","item":"https:\/\/gonzalezlawyersgroup.com\/"},{"@type":"ListItem","position":2,"name":"Aviso de Privacidad"}]},{"@type":"WebSite","@id":"https:\/\/gonzalezlawyersgroup.com\/es\/#website","url":"https:\/\/gonzalezlawyersgroup.com\/es\/","name":"Gonzalez Lawyers Group","description":"Asesor\u00edas Juridicas Integrales","publisher":{"@id":"https:\/\/gonzalezlawyersgroup.com\/es\/#organization"},"alternateName":"Gonzalez Lawyers Group","potentialAction":[{"@type":"SearchAction","target":{"@type":"EntryPoint","urlTemplate":"https:\/\/gonzalezlawyersgroup.com\/es\/?s={search_term_string}"},"query-input":{"@type":"PropertyValueSpecification","valueRequired":true,"valueName":"search_term_string"}}],"inLanguage":"en-US"},{"@type":"Organization","@id":"https:\/\/gonzalezlawyersgroup.com\/es\/#organization","name":"Gonzalez Lawyers Group","alternateName":"Gonzalez Lawyers Group","url":"https:\/\/gonzalezlawyersgroup.com\/es\/","logo":{"@type":"ImageObject","inLanguage":"en-US","@id":"https:\/\/gonzalezlawyersgroup.com\/es\/#\/schema\/logo\/image\/","url":"https:\/\/gonzalezlawyersgroup.com\/wp-content\/uploads\/2021\/02\/logo-glg-white-9.png","contentUrl":"https:\/\/gonzalezlawyersgroup.com\/wp-content\/uploads\/2021\/02\/logo-glg-white-9.png","width":191,"height":87,"caption":"Gonzalez Lawyers Group"},"image":{"@id":"https:\/\/gonzalezlawyersgroup.com\/es\/#\/schema\/logo\/image\/"}}]}},"_links":{"self":[{"href":"https:\/\/gonzalezlawyersgroup.com\/en\/wp-json\/wp\/v2\/pages\/338","targetHints":{"allow":["GET"]}}],"collection":[{"href":"https:\/\/gonzalezlawyersgroup.com\/en\/wp-json\/wp\/v2\/pages"}],"about":[{"href":"https:\/\/gonzalezlawyersgroup.com\/en\/wp-json\/wp\/v2\/types\/page"}],"author":[{"embeddable":true,"href":"https:\/\/gonzalezlawyersgroup.com\/en\/wp-json\/wp\/v2\/users\/1"}],"replies":[{"embeddable":true,"href":"https:\/\/gonzalezlawyersgroup.com\/en\/wp-json\/wp\/v2\/comments?post=338"}],"version-history":[{"count":19,"href":"https:\/\/gonzalezlawyersgroup.com\/en\/wp-json\/wp\/v2\/pages\/338\/revisions"}],"predecessor-version":[{"id":1788,"href":"https:\/\/gonzalezlawyersgroup.com\/en\/wp-json\/wp\/v2\/pages\/338\/revisions\/1788"}],"wp:attachment":[{"href":"https:\/\/gonzalezlawyersgroup.com\/en\/wp-json\/wp\/v2\/media?parent=338"}],"curies":[{"name":"wp","href":"https:\/\/api.w.org\/{rel}","templated":true}]}}