{"id":1688,"date":"2023-09-29T14:56:52","date_gmt":"2023-09-29T19:56:52","guid":{"rendered":"https:\/\/gonzalezlawyersgroup.com\/?page_id=1688"},"modified":"2023-10-03T13:30:23","modified_gmt":"2023-10-03T18:30:23","slug":"andrea-imitola-torres","status":"publish","type":"page","link":"https:\/\/gonzalezlawyersgroup.com\/en\/quienes-somos\/andrea-imitola-torres\/","title":{"rendered":"Andrea Imitola Torres"},"content":{"rendered":"<div data-elementor-type=\"wp-page\" data-elementor-id=\"1688\" class=\"elementor elementor-1688\" data-elementor-post-type=\"page\">\n\t\t\t\t\t\t<section class=\"elementor-section elementor-top-section elementor-element elementor-element-65e0be2 elementor-section-full_width elementor-section-height-default elementor-section-height-default\" data-id=\"65e0be2\" data-element_type=\"section\">\n\t\t\t\t\t\t<div class=\"elementor-container elementor-column-gap-no\">\n\t\t\t\t\t<div class=\"elementor-column elementor-col-100 elementor-top-column elementor-element elementor-element-8385832\" data-id=\"8385832\" data-element_type=\"column\">\n\t\t\t<div class=\"elementor-widget-wrap elementor-element-populated\">\n\t\t\t\t\t\t<div class=\"elementor-element elementor-element-326cdfa elementor--h-position-left elementor--v-position-middle elementor-arrows-position-inside elementor-pagination-position-inside elementor-widget elementor-widget-slides\" data-id=\"326cdfa\" data-element_type=\"widget\" data-settings=\"{&quot;navigation&quot;:&quot;both&quot;,&quot;autoplay&quot;:&quot;yes&quot;,&quot;pause_on_hover&quot;:&quot;yes&quot;,&quot;pause_on_interaction&quot;:&quot;yes&quot;,&quot;autoplay_speed&quot;:5000,&quot;infinite&quot;:&quot;yes&quot;,&quot;transition&quot;:&quot;slide&quot;,&quot;transition_speed&quot;:500}\" data-widget_type=\"slides.default\">\n\t\t\t\t<div class=\"elementor-widget-container\">\n\t\t\t\t\t\t\t\t\t<div class=\"elementor-swiper\">\n\t\t\t\t\t<div class=\"elementor-slides-wrapper elementor-main-swiper swiper\" role=\"region\" aria-roledescription=\"carousel\" aria-label=\"Slides\" dir=\"ltr\" data-animation=\"fadeInUp\">\n\t\t\t\t<div class=\"swiper-wrapper elementor-slides\">\n\t\t\t\t\t\t\t\t\t\t<div class=\"elementor-repeater-item-1ea25e1 swiper-slide\" role=\"group\" aria-roledescription=\"slide\"><div class=\"swiper-slide-bg elementor-ken-burns elementor-ken-burns--out\" role=\"img\"><\/div><div class=\"elementor-background-overlay\"><\/div><div class=\"swiper-slide-inner\" ><div class=\"swiper-slide-contents\"><div class=\"elementor-slide-heading\"><a style=\"color:#fff!important;\" href=\"https:\/\/gonzalezlawyersgroup.com\/en\/quienes-somos\/#nuestroEquipo\">Our Team<\/a><\/div><\/div><\/div><\/div>\t\t\t\t<\/div>\n\t\t\t\t\t\t\t<\/div>\n\t\t\t\t<\/div>\n\t\t\t\t\t\t\t\t<\/div>\n\t\t\t\t<\/div>\n\t\t\t\t\t<\/div>\n\t\t<\/div>\n\t\t\t\t\t<\/div>\n\t\t<\/section>\n\t\t\t\t<section class=\"elementor-section elementor-top-section elementor-element elementor-element-f1af149 elementor-section-boxed elementor-section-height-default elementor-section-height-default\" data-id=\"f1af149\" data-element_type=\"section\">\n\t\t\t\t\t\t<div class=\"elementor-container elementor-column-gap-default\">\n\t\t\t\t\t<div class=\"elementor-column elementor-col-100 elementor-top-column elementor-element elementor-element-e15feda\" data-id=\"e15feda\" data-element_type=\"column\">\n\t\t\t<div class=\"elementor-widget-wrap elementor-element-populated\">\n\t\t\t\t\t\t<section class=\"elementor-section elementor-inner-section elementor-element elementor-element-6938dcf elementor-section-boxed elementor-section-height-default elementor-section-height-default\" data-id=\"6938dcf\" data-element_type=\"section\">\n\t\t\t\t\t\t<div class=\"elementor-container elementor-column-gap-default\">\n\t\t\t\t\t<div class=\"elementor-column elementor-col-50 elementor-inner-column elementor-element elementor-element-26d42b5\" data-id=\"26d42b5\" data-element_type=\"column\">\n\t\t\t<div class=\"elementor-widget-wrap elementor-element-populated\">\n\t\t\t\t\t\t<div class=\"elementor-element elementor-element-26edf2d elementor-widget elementor-widget-image\" data-id=\"26edf2d\" data-element_type=\"widget\" data-widget_type=\"image.default\">\n\t\t\t\t<div class=\"elementor-widget-container\">\n\t\t\t\t\t\t\t\t\t\t\t\t\t\t\t<img fetchpriority=\"high\" decoding=\"async\" width=\"397\" height=\"541\" src=\"https:\/\/gonzalezlawyersgroup.com\/wp-content\/uploads\/2023\/09\/Andrea-Torres.jpg\" class=\"attachment-medium_large size-medium_large wp-image-1668\" alt=\"\" srcset=\"https:\/\/gonzalezlawyersgroup.com\/wp-content\/uploads\/2023\/09\/Andrea-Torres.jpg 397w, https:\/\/gonzalezlawyersgroup.com\/wp-content\/uploads\/2023\/09\/Andrea-Torres-220x300.jpg 220w, https:\/\/gonzalezlawyersgroup.com\/wp-content\/uploads\/2023\/09\/Andrea-Torres-9x12.jpg 9w\" sizes=\"(max-width: 397px) 100vw, 397px\" \/>\t\t\t\t\t\t\t\t\t\t\t\t\t\t\t<\/div>\n\t\t\t\t<\/div>\n\t\t\t\t\t<\/div>\n\t\t<\/div>\n\t\t\t\t<div class=\"elementor-column elementor-col-50 elementor-inner-column elementor-element elementor-element-f0833de\" data-id=\"f0833de\" data-element_type=\"column\">\n\t\t\t<div class=\"elementor-widget-wrap elementor-element-populated\">\n\t\t\t\t\t\t<div class=\"elementor-element elementor-element-68e70b7 elementor-widget elementor-widget-heading\" data-id=\"68e70b7\" data-element_type=\"widget\" data-widget_type=\"heading.default\">\n\t\t\t\t<div class=\"elementor-widget-container\">\n\t\t\t\t\t<h2 class=\"elementor-heading-title elementor-size-medium\">ANDREA IMITOLA TORRES<br><br>Junior Lawyer<\/h2>\t\t\t\t<\/div>\n\t\t\t\t<\/div>\n\t\t\t\t<div class=\"elementor-element elementor-element-66edfdf elementor-widget elementor-widget-text-editor\" data-id=\"66edfdf\" data-element_type=\"widget\" data-widget_type=\"text-editor.default\">\n\t\t\t\t<div class=\"elementor-widget-container\">\n\t\t\t\t\t\t\t\t\t<p>Andrea acompa\u00f1a a nuestra firma desempe\u00f1\u00e1ndose como Abogada Junior, atendiendo las \u00e1reas de derecho comercial y civil, brindando soporte jur\u00eddico y legal a nuestros clientes de manera presencial y virtual.<\/p><p>Adicionalmente, Andrea se destaca por su compromiso con la excelencia, y su conocimiento del campo legal la convierte en un recurso invaluable para nuestra firma.<\/p><p>Actualmente se encuentra vinculada a la Empresa GONZALEZ LAWYERS GROUP SAS, en el cargo de Abogada Junior.<\/p>\t\t\t\t\t\t\t\t<\/div>\n\t\t\t\t<\/div>\n\t\t\t\t\t<\/div>\n\t\t<\/div>\n\t\t\t\t\t<\/div>\n\t\t<\/section>\n\t\t\t\t\t<\/div>\n\t\t<\/div>\n\t\t\t\t\t<\/div>\n\t\t<\/section>\n\t\t\t\t<\/div>","protected":false},"excerpt":{"rendered":"<p>Nuestro Equipo ANDREA IMITOLA TORRES Abogada Junior Andrea acompa\u00f1a a nuestra firma desempe\u00f1\u00e1ndose como Abogada Junior, atendiendo las \u00e1reas de derecho comercial y civil, brindando soporte jur\u00eddico y legal a nuestros clientes de manera presencial y virtual. Adicionalmente, Andrea se destaca por su compromiso con la excelencia, y su conocimiento del campo legal la convierte [&hellip;]<\/p>","protected":false},"author":1,"featured_media":0,"parent":11,"menu_order":0,"comment_status":"closed","ping_status":"closed","template":"elementor_header_footer","meta":{"_joinchat":[],"footnotes":""},"class_list":["post-1688","page","type-page","status-publish","hentry"],"yoast_head":"<!-- This site is optimized with the Yoast SEO plugin v24.8.1 - https:\/\/yoast.com\/wordpress\/plugins\/seo\/ -->\n<title>Andrea Imitola Torres &#8211; Gonzalez Lawyers Group<\/title>\n<meta name=\"robots\" content=\"index, follow, max-snippet:-1, max-image-preview:large, max-video-preview:-1\" \/>\n<link rel=\"canonical\" href=\"https:\/\/gonzalezlawyersgroup.com\/en\/quienes-somos\/andrea-imitola-torres\/\" \/>\n<meta property=\"og:locale\" content=\"en_US\" \/>\n<meta property=\"og:type\" content=\"article\" \/>\n<meta property=\"og:title\" content=\"Andrea Imitola Torres &#8211; Gonzalez Lawyers Group\" \/>\n<meta property=\"og:description\" content=\"Nuestro Equipo ANDREA IMITOLA TORRES Abogada Junior Andrea acompa\u00f1a a nuestra firma desempe\u00f1\u00e1ndose como Abogada Junior, atendiendo las \u00e1reas de derecho comercial y civil, brindando soporte jur\u00eddico y legal a nuestros clientes de manera presencial y virtual. Adicionalmente, Andrea se destaca por su compromiso con la excelencia, y su conocimiento del campo legal la convierte [&hellip;]\" \/>\n<meta property=\"og:url\" content=\"https:\/\/gonzalezlawyersgroup.com\/en\/quienes-somos\/andrea-imitola-torres\/\" \/>\n<meta property=\"og:site_name\" content=\"Gonzalez Lawyers Group\" \/>\n<meta property=\"article:modified_time\" content=\"2023-10-03T18:30:23+00:00\" \/>\n<meta property=\"og:image\" content=\"https:\/\/gonzalezlawyersgroup.com\/wp-content\/uploads\/2023\/09\/Andrea-Torres.jpg\" \/>\n<meta name=\"twitter:card\" content=\"summary_large_image\" \/>\n<meta name=\"twitter:label1\" content=\"Est. reading time\" \/>\n\t<meta name=\"twitter:data1\" content=\"1 minute\" \/>\n<script type=\"application\/ld+json\" class=\"yoast-schema-graph\">{\"@context\":\"https:\/\/schema.org\",\"@graph\":[{\"@type\":\"WebPage\",\"@id\":\"https:\/\/gonzalezlawyersgroup.com\/es\/quienes-somos\/andrea-imitola-torres\/\",\"url\":\"https:\/\/gonzalezlawyersgroup.com\/es\/quienes-somos\/andrea-imitola-torres\/\",\"name\":\"Andrea Imitola Torres &#8211; Gonzalez Lawyers Group\",\"isPartOf\":{\"@id\":\"https:\/\/gonzalezlawyersgroup.com\/es\/#website\"},\"primaryImageOfPage\":{\"@id\":\"https:\/\/gonzalezlawyersgroup.com\/es\/quienes-somos\/andrea-imitola-torres\/#primaryimage\"},\"image\":{\"@id\":\"https:\/\/gonzalezlawyersgroup.com\/es\/quienes-somos\/andrea-imitola-torres\/#primaryimage\"},\"thumbnailUrl\":\"https:\/\/gonzalezlawyersgroup.com\/wp-content\/uploads\/2023\/09\/Andrea-Torres.jpg\",\"datePublished\":\"2023-09-29T19:56:52+00:00\",\"dateModified\":\"2023-10-03T18:30:23+00:00\",\"breadcrumb\":{\"@id\":\"https:\/\/gonzalezlawyersgroup.com\/es\/quienes-somos\/andrea-imitola-torres\/#breadcrumb\"},\"inLanguage\":\"en-US\",\"potentialAction\":[{\"@type\":\"ReadAction\",\"target\":[\"https:\/\/gonzalezlawyersgroup.com\/es\/quienes-somos\/andrea-imitola-torres\/\"]}]},{\"@type\":\"ImageObject\",\"inLanguage\":\"en-US\",\"@id\":\"https:\/\/gonzalezlawyersgroup.com\/es\/quienes-somos\/andrea-imitola-torres\/#primaryimage\",\"url\":\"https:\/\/gonzalezlawyersgroup.com\/wp-content\/uploads\/2023\/09\/Andrea-Torres.jpg\",\"contentUrl\":\"https:\/\/gonzalezlawyersgroup.com\/wp-content\/uploads\/2023\/09\/Andrea-Torres.jpg\"},{\"@type\":\"BreadcrumbList\",\"@id\":\"https:\/\/gonzalezlawyersgroup.com\/es\/quienes-somos\/andrea-imitola-torres\/#breadcrumb\",\"itemListElement\":[{\"@type\":\"ListItem\",\"position\":1,\"name\":\"Home\",\"item\":\"https:\/\/gonzalezlawyersgroup.com\/\"},{\"@type\":\"ListItem\",\"position\":2,\"name\":\"Qui\u00e9nes somos\",\"item\":\"https:\/\/gonzalezlawyersgroup.com\/es\/quienes-somos\/\"},{\"@type\":\"ListItem\",\"position\":3,\"name\":\"Andrea Imitola Torres\"}]},{\"@type\":\"WebSite\",\"@id\":\"https:\/\/gonzalezlawyersgroup.com\/es\/#website\",\"url\":\"https:\/\/gonzalezlawyersgroup.com\/es\/\",\"name\":\"Gonzalez Lawyers Group\",\"description\":\"Asesor\u00edas Juridicas Integrales\",\"publisher\":{\"@id\":\"https:\/\/gonzalezlawyersgroup.com\/es\/#organization\"},\"alternateName\":\"Gonzalez Lawyers Group\",\"potentialAction\":[{\"@type\":\"SearchAction\",\"target\":{\"@type\":\"EntryPoint\",\"urlTemplate\":\"https:\/\/gonzalezlawyersgroup.com\/es\/?s={search_term_string}\"},\"query-input\":{\"@type\":\"PropertyValueSpecification\",\"valueRequired\":true,\"valueName\":\"search_term_string\"}}],\"inLanguage\":\"en-US\"},{\"@type\":\"Organization\",\"@id\":\"https:\/\/gonzalezlawyersgroup.com\/es\/#organization\",\"name\":\"Gonzalez Lawyers Group\",\"alternateName\":\"Gonzalez Lawyers Group\",\"url\":\"https:\/\/gonzalezlawyersgroup.com\/es\/\",\"logo\":{\"@type\":\"ImageObject\",\"inLanguage\":\"en-US\",\"@id\":\"https:\/\/gonzalezlawyersgroup.com\/es\/#\/schema\/logo\/image\/\",\"url\":\"https:\/\/gonzalezlawyersgroup.com\/wp-content\/uploads\/2021\/02\/logo-glg-white-9.png\",\"contentUrl\":\"https:\/\/gonzalezlawyersgroup.com\/wp-content\/uploads\/2021\/02\/logo-glg-white-9.png\",\"width\":191,\"height\":87,\"caption\":\"Gonzalez Lawyers Group\"},\"image\":{\"@id\":\"https:\/\/gonzalezlawyersgroup.com\/es\/#\/schema\/logo\/image\/\"}}]}<\/script>\n<!-- \/ Yoast SEO plugin. -->","yoast_head_json":{"title":"Andrea Imitola Torres &#8211; Gonzalez Lawyers Group","robots":{"index":"index","follow":"follow","max-snippet":"max-snippet:-1","max-image-preview":"max-image-preview:large","max-video-preview":"max-video-preview:-1"},"canonical":"https:\/\/gonzalezlawyersgroup.com\/en\/quienes-somos\/andrea-imitola-torres\/","og_locale":"en_US","og_type":"article","og_title":"Andrea Imitola Torres &#8211; Gonzalez Lawyers Group","og_description":"Nuestro Equipo ANDREA IMITOLA TORRES Abogada Junior Andrea acompa\u00f1a a nuestra firma desempe\u00f1\u00e1ndose como Abogada Junior, atendiendo las \u00e1reas de derecho comercial y civil, brindando soporte jur\u00eddico y legal a nuestros clientes de manera presencial y virtual. Adicionalmente, Andrea se destaca por su compromiso con la excelencia, y su conocimiento del campo legal la convierte [&hellip;]","og_url":"https:\/\/gonzalezlawyersgroup.com\/en\/quienes-somos\/andrea-imitola-torres\/","og_site_name":"Gonzalez Lawyers Group","article_modified_time":"2023-10-03T18:30:23+00:00","og_image":[{"url":"https:\/\/gonzalezlawyersgroup.com\/wp-content\/uploads\/2023\/09\/Andrea-Torres.jpg","type":"","width":"","height":""}],"twitter_card":"summary_large_image","twitter_misc":{"Est. reading time":"1 minute"},"schema":{"@context":"https:\/\/schema.org","@graph":[{"@type":"WebPage","@id":"https:\/\/gonzalezlawyersgroup.com\/es\/quienes-somos\/andrea-imitola-torres\/","url":"https:\/\/gonzalezlawyersgroup.com\/es\/quienes-somos\/andrea-imitola-torres\/","name":"Andrea Imitola Torres &#8211; Gonzalez Lawyers Group","isPartOf":{"@id":"https:\/\/gonzalezlawyersgroup.com\/es\/#website"},"primaryImageOfPage":{"@id":"https:\/\/gonzalezlawyersgroup.com\/es\/quienes-somos\/andrea-imitola-torres\/#primaryimage"},"image":{"@id":"https:\/\/gonzalezlawyersgroup.com\/es\/quienes-somos\/andrea-imitola-torres\/#primaryimage"},"thumbnailUrl":"https:\/\/gonzalezlawyersgroup.com\/wp-content\/uploads\/2023\/09\/Andrea-Torres.jpg","datePublished":"2023-09-29T19:56:52+00:00","dateModified":"2023-10-03T18:30:23+00:00","breadcrumb":{"@id":"https:\/\/gonzalezlawyersgroup.com\/es\/quienes-somos\/andrea-imitola-torres\/#breadcrumb"},"inLanguage":"en-US","potentialAction":[{"@type":"ReadAction","target":["https:\/\/gonzalezlawyersgroup.com\/es\/quienes-somos\/andrea-imitola-torres\/"]}]},{"@type":"ImageObject","inLanguage":"en-US","@id":"https:\/\/gonzalezlawyersgroup.com\/es\/quienes-somos\/andrea-imitola-torres\/#primaryimage","url":"https:\/\/gonzalezlawyersgroup.com\/wp-content\/uploads\/2023\/09\/Andrea-Torres.jpg","contentUrl":"https:\/\/gonzalezlawyersgroup.com\/wp-content\/uploads\/2023\/09\/Andrea-Torres.jpg"},{"@type":"BreadcrumbList","@id":"https:\/\/gonzalezlawyersgroup.com\/es\/quienes-somos\/andrea-imitola-torres\/#breadcrumb","itemListElement":[{"@type":"ListItem","position":1,"name":"Home","item":"https:\/\/gonzalezlawyersgroup.com\/"},{"@type":"ListItem","position":2,"name":"Qui\u00e9nes somos","item":"https:\/\/gonzalezlawyersgroup.com\/es\/quienes-somos\/"},{"@type":"ListItem","position":3,"name":"Andrea Imitola Torres"}]},{"@type":"WebSite","@id":"https:\/\/gonzalezlawyersgroup.com\/es\/#website","url":"https:\/\/gonzalezlawyersgroup.com\/es\/","name":"Gonzalez Lawyers Group","description":"Asesor\u00edas Juridicas Integrales","publisher":{"@id":"https:\/\/gonzalezlawyersgroup.com\/es\/#organization"},"alternateName":"Gonzalez Lawyers Group","potentialAction":[{"@type":"SearchAction","target":{"@type":"EntryPoint","urlTemplate":"https:\/\/gonzalezlawyersgroup.com\/es\/?s={search_term_string}"},"query-input":{"@type":"PropertyValueSpecification","valueRequired":true,"valueName":"search_term_string"}}],"inLanguage":"en-US"},{"@type":"Organization","@id":"https:\/\/gonzalezlawyersgroup.com\/es\/#organization","name":"Gonzalez Lawyers Group","alternateName":"Gonzalez Lawyers Group","url":"https:\/\/gonzalezlawyersgroup.com\/es\/","logo":{"@type":"ImageObject","inLanguage":"en-US","@id":"https:\/\/gonzalezlawyersgroup.com\/es\/#\/schema\/logo\/image\/","url":"https:\/\/gonzalezlawyersgroup.com\/wp-content\/uploads\/2021\/02\/logo-glg-white-9.png","contentUrl":"https:\/\/gonzalezlawyersgroup.com\/wp-content\/uploads\/2021\/02\/logo-glg-white-9.png","width":191,"height":87,"caption":"Gonzalez Lawyers Group"},"image":{"@id":"https:\/\/gonzalezlawyersgroup.com\/es\/#\/schema\/logo\/image\/"}}]}},"_links":{"self":[{"href":"https:\/\/gonzalezlawyersgroup.com\/en\/wp-json\/wp\/v2\/pages\/1688","targetHints":{"allow":["GET"]}}],"collection":[{"href":"https:\/\/gonzalezlawyersgroup.com\/en\/wp-json\/wp\/v2\/pages"}],"about":[{"href":"https:\/\/gonzalezlawyersgroup.com\/en\/wp-json\/wp\/v2\/types\/page"}],"author":[{"embeddable":true,"href":"https:\/\/gonzalezlawyersgroup.com\/en\/wp-json\/wp\/v2\/users\/1"}],"replies":[{"embeddable":true,"href":"https:\/\/gonzalezlawyersgroup.com\/en\/wp-json\/wp\/v2\/comments?post=1688"}],"version-history":[{"count":13,"href":"https:\/\/gonzalezlawyersgroup.com\/en\/wp-json\/wp\/v2\/pages\/1688\/revisions"}],"predecessor-version":[{"id":1741,"href":"https:\/\/gonzalezlawyersgroup.com\/en\/wp-json\/wp\/v2\/pages\/1688\/revisions\/1741"}],"up":[{"embeddable":true,"href":"https:\/\/gonzalezlawyersgroup.com\/en\/wp-json\/wp\/v2\/pages\/11"}],"wp:attachment":[{"href":"https:\/\/gonzalezlawyersgroup.com\/en\/wp-json\/wp\/v2\/media?parent=1688"}],"curies":[{"name":"wp","href":"https:\/\/api.w.org\/{rel}","templated":true}]}}