{"id":1679,"date":"2023-09-29T14:47:03","date_gmt":"2023-09-29T19:47:03","guid":{"rendered":"https:\/\/gonzalezlawyersgroup.com\/?page_id=1679"},"modified":"2023-10-03T13:31:52","modified_gmt":"2023-10-03T18:31:52","slug":"heydi-judex-2","status":"publish","type":"page","link":"https:\/\/gonzalezlawyersgroup.com\/en\/quienes-somos\/heydi-judex-2\/","title":{"rendered":"Heydi Judex"},"content":{"rendered":"<div data-elementor-type=\"wp-page\" data-elementor-id=\"1679\" class=\"elementor elementor-1679\" data-elementor-post-type=\"page\">\n\t\t\t\t\t\t<section class=\"elementor-section elementor-top-section elementor-element elementor-element-1f67c4c elementor-section-full_width elementor-section-height-default elementor-section-height-default\" data-id=\"1f67c4c\" data-element_type=\"section\">\n\t\t\t\t\t\t<div class=\"elementor-container elementor-column-gap-no\">\n\t\t\t\t\t<div class=\"elementor-column elementor-col-100 elementor-top-column elementor-element elementor-element-a19d2fe\" data-id=\"a19d2fe\" data-element_type=\"column\">\n\t\t\t<div class=\"elementor-widget-wrap elementor-element-populated\">\n\t\t\t\t\t\t<div class=\"elementor-element elementor-element-31174d1 elementor--h-position-left elementor--v-position-middle elementor-arrows-position-inside elementor-pagination-position-inside elementor-widget elementor-widget-slides\" data-id=\"31174d1\" data-element_type=\"widget\" data-settings=\"{&quot;navigation&quot;:&quot;both&quot;,&quot;autoplay&quot;:&quot;yes&quot;,&quot;pause_on_hover&quot;:&quot;yes&quot;,&quot;pause_on_interaction&quot;:&quot;yes&quot;,&quot;autoplay_speed&quot;:5000,&quot;infinite&quot;:&quot;yes&quot;,&quot;transition&quot;:&quot;slide&quot;,&quot;transition_speed&quot;:500}\" data-widget_type=\"slides.default\">\n\t\t\t\t<div class=\"elementor-widget-container\">\n\t\t\t\t\t\t\t\t\t<div class=\"elementor-swiper\">\n\t\t\t\t\t<div class=\"elementor-slides-wrapper elementor-main-swiper swiper\" role=\"region\" aria-roledescription=\"carousel\" aria-label=\"Slides\" dir=\"ltr\" data-animation=\"fadeInUp\">\n\t\t\t\t<div class=\"swiper-wrapper elementor-slides\">\n\t\t\t\t\t\t\t\t\t\t<div class=\"elementor-repeater-item-1ea25e1 swiper-slide\" role=\"group\" aria-roledescription=\"slide\"><div class=\"swiper-slide-bg elementor-ken-burns elementor-ken-burns--out\" role=\"img\"><\/div><div class=\"elementor-background-overlay\"><\/div><div class=\"swiper-slide-inner\" ><div class=\"swiper-slide-contents\"><div class=\"elementor-slide-heading\"><a style=\"color:#fff!important;\" href=\"https:\/\/gonzalezlawyersgroup.com\/en\/quienes-somos\/#nuestroEquipo\">Our Team<\/a><\/div><\/div><\/div><\/div>\t\t\t\t<\/div>\n\t\t\t\t\t\t\t<\/div>\n\t\t\t\t<\/div>\n\t\t\t\t\t\t\t\t<\/div>\n\t\t\t\t<\/div>\n\t\t\t\t\t<\/div>\n\t\t<\/div>\n\t\t\t\t\t<\/div>\n\t\t<\/section>\n\t\t\t\t<section class=\"elementor-section elementor-top-section elementor-element elementor-element-7fa44d2 elementor-section-boxed elementor-section-height-default elementor-section-height-default\" data-id=\"7fa44d2\" data-element_type=\"section\">\n\t\t\t\t\t\t<div class=\"elementor-container elementor-column-gap-default\">\n\t\t\t\t\t<div class=\"elementor-column elementor-col-100 elementor-top-column elementor-element elementor-element-c6cdaff\" data-id=\"c6cdaff\" data-element_type=\"column\">\n\t\t\t<div class=\"elementor-widget-wrap elementor-element-populated\">\n\t\t\t\t\t\t<section class=\"elementor-section elementor-inner-section elementor-element elementor-element-7b10578 elementor-section-boxed elementor-section-height-default elementor-section-height-default\" data-id=\"7b10578\" data-element_type=\"section\">\n\t\t\t\t\t\t<div class=\"elementor-container elementor-column-gap-default\">\n\t\t\t\t\t<div class=\"elementor-column elementor-col-50 elementor-inner-column elementor-element elementor-element-8c95a26\" data-id=\"8c95a26\" data-element_type=\"column\">\n\t\t\t<div class=\"elementor-widget-wrap elementor-element-populated\">\n\t\t\t\t\t\t<div class=\"elementor-element elementor-element-b958169 elementor-widget elementor-widget-image\" data-id=\"b958169\" data-element_type=\"widget\" data-widget_type=\"image.default\">\n\t\t\t\t<div class=\"elementor-widget-container\">\n\t\t\t\t\t\t\t\t\t\t\t\t\t\t\t<img fetchpriority=\"high\" decoding=\"async\" width=\"397\" height=\"541\" src=\"https:\/\/gonzalezlawyersgroup.com\/wp-content\/uploads\/2023\/09\/Heydi-Judex.jpg\" class=\"attachment-medium_large size-medium_large wp-image-1675\" alt=\"\" srcset=\"https:\/\/gonzalezlawyersgroup.com\/wp-content\/uploads\/2023\/09\/Heydi-Judex.jpg 397w, https:\/\/gonzalezlawyersgroup.com\/wp-content\/uploads\/2023\/09\/Heydi-Judex-220x300.jpg 220w, https:\/\/gonzalezlawyersgroup.com\/wp-content\/uploads\/2023\/09\/Heydi-Judex-9x12.jpg 9w\" sizes=\"(max-width: 397px) 100vw, 397px\" \/>\t\t\t\t\t\t\t\t\t\t\t\t\t\t\t<\/div>\n\t\t\t\t<\/div>\n\t\t\t\t\t<\/div>\n\t\t<\/div>\n\t\t\t\t<div class=\"elementor-column elementor-col-50 elementor-inner-column elementor-element elementor-element-1f76ec5\" data-id=\"1f76ec5\" data-element_type=\"column\">\n\t\t\t<div class=\"elementor-widget-wrap elementor-element-populated\">\n\t\t\t\t\t\t<div class=\"elementor-element elementor-element-d1c1948 elementor-widget elementor-widget-heading\" data-id=\"d1c1948\" data-element_type=\"widget\" data-widget_type=\"heading.default\">\n\t\t\t\t<div class=\"elementor-widget-container\">\n\t\t\t\t\t<h2 class=\"elementor-heading-title elementor-size-medium\">HEYDI JUDEX<br><br>Asesora Inversi\u00f3n Extranjera \u2013 EEUU<\/h2>\t\t\t\t<\/div>\n\t\t\t\t<\/div>\n\t\t\t\t<div class=\"elementor-element elementor-element-166353b elementor-widget elementor-widget-text-editor\" data-id=\"166353b\" data-element_type=\"widget\" data-widget_type=\"text-editor.default\">\n\t\t\t\t<div class=\"elementor-widget-container\">\n\t\t\t\t\t\t\t\t\t<p>Notar\u00eda P\u00fablica en el Estado de Florida, EEUU. Especialista en tr\u00e1mites migratorios en USA, Certificada en preparaci\u00f3n de impuestos y Agente de seguros integrales con m\u00e1s de 5 a\u00f1os de experiencia.<\/p><p>Heydi acompa\u00f1a a GLG, brindando soluciones legales y financieras en creaci\u00f3n de compa\u00f1\u00edas, anualidades, cuentas de retiros, IRA, Roth IRA, 401K, financiaci\u00f3n de hipotecas, seguros de hipotecas, tr\u00e1mites migratorios e impuestos. Comprometida a brindar servicios de alta calidad y asesoramiento personalizado a clientes en busca de soluciones confiables y precisas.<\/p><p>Actualmente se encuentra vinculada a la Empresa GONZALEZ LAWYERS GROUP SAS, en el cargo de Asesora Inversi\u00f3n Extranjera en EEUU.<\/p>\t\t\t\t\t\t\t\t<\/div>\n\t\t\t\t<\/div>\n\t\t\t\t\t<\/div>\n\t\t<\/div>\n\t\t\t\t\t<\/div>\n\t\t<\/section>\n\t\t\t\t\t<\/div>\n\t\t<\/div>\n\t\t\t\t\t<\/div>\n\t\t<\/section>\n\t\t\t\t<\/div>","protected":false},"excerpt":{"rendered":"<p>Nuestro Equipo HEYDI JUDEX Asesora Inversi\u00f3n Extranjera \u2013 EEUU Notar\u00eda P\u00fablica en el Estado de Florida, EEUU. Especialista en tr\u00e1mites migratorios en USA, Certificada en preparaci\u00f3n de impuestos y Agente de seguros integrales con m\u00e1s de 5 a\u00f1os de experiencia. Heydi acompa\u00f1a a GLG, brindando soluciones legales y financieras en creaci\u00f3n de compa\u00f1\u00edas, anualidades, cuentas [&hellip;]<\/p>","protected":false},"author":1,"featured_media":0,"parent":11,"menu_order":0,"comment_status":"closed","ping_status":"closed","template":"elementor_header_footer","meta":{"_joinchat":[],"footnotes":""},"class_list":["post-1679","page","type-page","status-publish","hentry"],"yoast_head":"<!-- This site is optimized with the Yoast SEO plugin v24.8.1 - https:\/\/yoast.com\/wordpress\/plugins\/seo\/ -->\n<title>Heydi Judex &#8211; Gonzalez Lawyers Group<\/title>\n<meta name=\"robots\" content=\"index, follow, max-snippet:-1, max-image-preview:large, max-video-preview:-1\" \/>\n<link rel=\"canonical\" href=\"https:\/\/gonzalezlawyersgroup.com\/en\/quienes-somos\/heydi-judex-2\/\" \/>\n<meta property=\"og:locale\" content=\"en_US\" \/>\n<meta property=\"og:type\" content=\"article\" \/>\n<meta property=\"og:title\" content=\"Heydi Judex &#8211; Gonzalez Lawyers Group\" \/>\n<meta property=\"og:description\" content=\"Nuestro Equipo HEYDI JUDEX Asesora Inversi\u00f3n Extranjera \u2013 EEUU Notar\u00eda P\u00fablica en el Estado de Florida, EEUU. Especialista en tr\u00e1mites migratorios en USA, Certificada en preparaci\u00f3n de impuestos y Agente de seguros integrales con m\u00e1s de 5 a\u00f1os de experiencia. Heydi acompa\u00f1a a GLG, brindando soluciones legales y financieras en creaci\u00f3n de compa\u00f1\u00edas, anualidades, cuentas [&hellip;]\" \/>\n<meta property=\"og:url\" content=\"https:\/\/gonzalezlawyersgroup.com\/en\/quienes-somos\/heydi-judex-2\/\" \/>\n<meta property=\"og:site_name\" content=\"Gonzalez Lawyers Group\" \/>\n<meta property=\"article:modified_time\" content=\"2023-10-03T18:31:52+00:00\" \/>\n<meta property=\"og:image\" content=\"https:\/\/gonzalezlawyersgroup.com\/wp-content\/uploads\/2023\/09\/Heydi-Judex.jpg\" \/>\n<meta name=\"twitter:card\" content=\"summary_large_image\" \/>\n<meta name=\"twitter:label1\" content=\"Est. reading time\" \/>\n\t<meta name=\"twitter:data1\" content=\"1 minute\" \/>\n<script type=\"application\/ld+json\" class=\"yoast-schema-graph\">{\"@context\":\"https:\/\/schema.org\",\"@graph\":[{\"@type\":\"WebPage\",\"@id\":\"https:\/\/gonzalezlawyersgroup.com\/es\/quienes-somos\/heydi-judex-2\/\",\"url\":\"https:\/\/gonzalezlawyersgroup.com\/es\/quienes-somos\/heydi-judex-2\/\",\"name\":\"Heydi Judex &#8211; Gonzalez Lawyers Group\",\"isPartOf\":{\"@id\":\"https:\/\/gonzalezlawyersgroup.com\/es\/#website\"},\"primaryImageOfPage\":{\"@id\":\"https:\/\/gonzalezlawyersgroup.com\/es\/quienes-somos\/heydi-judex-2\/#primaryimage\"},\"image\":{\"@id\":\"https:\/\/gonzalezlawyersgroup.com\/es\/quienes-somos\/heydi-judex-2\/#primaryimage\"},\"thumbnailUrl\":\"https:\/\/gonzalezlawyersgroup.com\/wp-content\/uploads\/2023\/09\/Heydi-Judex.jpg\",\"datePublished\":\"2023-09-29T19:47:03+00:00\",\"dateModified\":\"2023-10-03T18:31:52+00:00\",\"breadcrumb\":{\"@id\":\"https:\/\/gonzalezlawyersgroup.com\/es\/quienes-somos\/heydi-judex-2\/#breadcrumb\"},\"inLanguage\":\"en-US\",\"potentialAction\":[{\"@type\":\"ReadAction\",\"target\":[\"https:\/\/gonzalezlawyersgroup.com\/es\/quienes-somos\/heydi-judex-2\/\"]}]},{\"@type\":\"ImageObject\",\"inLanguage\":\"en-US\",\"@id\":\"https:\/\/gonzalezlawyersgroup.com\/es\/quienes-somos\/heydi-judex-2\/#primaryimage\",\"url\":\"https:\/\/gonzalezlawyersgroup.com\/wp-content\/uploads\/2023\/09\/Heydi-Judex.jpg\",\"contentUrl\":\"https:\/\/gonzalezlawyersgroup.com\/wp-content\/uploads\/2023\/09\/Heydi-Judex.jpg\"},{\"@type\":\"BreadcrumbList\",\"@id\":\"https:\/\/gonzalezlawyersgroup.com\/es\/quienes-somos\/heydi-judex-2\/#breadcrumb\",\"itemListElement\":[{\"@type\":\"ListItem\",\"position\":1,\"name\":\"Home\",\"item\":\"https:\/\/gonzalezlawyersgroup.com\/\"},{\"@type\":\"ListItem\",\"position\":2,\"name\":\"Qui\u00e9nes somos\",\"item\":\"https:\/\/gonzalezlawyersgroup.com\/es\/quienes-somos\/\"},{\"@type\":\"ListItem\",\"position\":3,\"name\":\"Heydi Judex\"}]},{\"@type\":\"WebSite\",\"@id\":\"https:\/\/gonzalezlawyersgroup.com\/es\/#website\",\"url\":\"https:\/\/gonzalezlawyersgroup.com\/es\/\",\"name\":\"Gonzalez Lawyers Group\",\"description\":\"Asesor\u00edas Juridicas Integrales\",\"publisher\":{\"@id\":\"https:\/\/gonzalezlawyersgroup.com\/es\/#organization\"},\"alternateName\":\"Gonzalez Lawyers Group\",\"potentialAction\":[{\"@type\":\"SearchAction\",\"target\":{\"@type\":\"EntryPoint\",\"urlTemplate\":\"https:\/\/gonzalezlawyersgroup.com\/es\/?s={search_term_string}\"},\"query-input\":{\"@type\":\"PropertyValueSpecification\",\"valueRequired\":true,\"valueName\":\"search_term_string\"}}],\"inLanguage\":\"en-US\"},{\"@type\":\"Organization\",\"@id\":\"https:\/\/gonzalezlawyersgroup.com\/es\/#organization\",\"name\":\"Gonzalez Lawyers Group\",\"alternateName\":\"Gonzalez Lawyers Group\",\"url\":\"https:\/\/gonzalezlawyersgroup.com\/es\/\",\"logo\":{\"@type\":\"ImageObject\",\"inLanguage\":\"en-US\",\"@id\":\"https:\/\/gonzalezlawyersgroup.com\/es\/#\/schema\/logo\/image\/\",\"url\":\"https:\/\/gonzalezlawyersgroup.com\/wp-content\/uploads\/2021\/02\/logo-glg-white-9.png\",\"contentUrl\":\"https:\/\/gonzalezlawyersgroup.com\/wp-content\/uploads\/2021\/02\/logo-glg-white-9.png\",\"width\":191,\"height\":87,\"caption\":\"Gonzalez Lawyers Group\"},\"image\":{\"@id\":\"https:\/\/gonzalezlawyersgroup.com\/es\/#\/schema\/logo\/image\/\"}}]}<\/script>\n<!-- \/ Yoast SEO plugin. -->","yoast_head_json":{"title":"Heydi Judex &#8211; Gonzalez Lawyers Group","robots":{"index":"index","follow":"follow","max-snippet":"max-snippet:-1","max-image-preview":"max-image-preview:large","max-video-preview":"max-video-preview:-1"},"canonical":"https:\/\/gonzalezlawyersgroup.com\/en\/quienes-somos\/heydi-judex-2\/","og_locale":"en_US","og_type":"article","og_title":"Heydi Judex &#8211; Gonzalez Lawyers Group","og_description":"Nuestro Equipo HEYDI JUDEX Asesora Inversi\u00f3n Extranjera \u2013 EEUU Notar\u00eda P\u00fablica en el Estado de Florida, EEUU. Especialista en tr\u00e1mites migratorios en USA, Certificada en preparaci\u00f3n de impuestos y Agente de seguros integrales con m\u00e1s de 5 a\u00f1os de experiencia. Heydi acompa\u00f1a a GLG, brindando soluciones legales y financieras en creaci\u00f3n de compa\u00f1\u00edas, anualidades, cuentas [&hellip;]","og_url":"https:\/\/gonzalezlawyersgroup.com\/en\/quienes-somos\/heydi-judex-2\/","og_site_name":"Gonzalez Lawyers Group","article_modified_time":"2023-10-03T18:31:52+00:00","og_image":[{"url":"https:\/\/gonzalezlawyersgroup.com\/wp-content\/uploads\/2023\/09\/Heydi-Judex.jpg","type":"","width":"","height":""}],"twitter_card":"summary_large_image","twitter_misc":{"Est. reading time":"1 minute"},"schema":{"@context":"https:\/\/schema.org","@graph":[{"@type":"WebPage","@id":"https:\/\/gonzalezlawyersgroup.com\/es\/quienes-somos\/heydi-judex-2\/","url":"https:\/\/gonzalezlawyersgroup.com\/es\/quienes-somos\/heydi-judex-2\/","name":"Heydi Judex &#8211; Gonzalez Lawyers Group","isPartOf":{"@id":"https:\/\/gonzalezlawyersgroup.com\/es\/#website"},"primaryImageOfPage":{"@id":"https:\/\/gonzalezlawyersgroup.com\/es\/quienes-somos\/heydi-judex-2\/#primaryimage"},"image":{"@id":"https:\/\/gonzalezlawyersgroup.com\/es\/quienes-somos\/heydi-judex-2\/#primaryimage"},"thumbnailUrl":"https:\/\/gonzalezlawyersgroup.com\/wp-content\/uploads\/2023\/09\/Heydi-Judex.jpg","datePublished":"2023-09-29T19:47:03+00:00","dateModified":"2023-10-03T18:31:52+00:00","breadcrumb":{"@id":"https:\/\/gonzalezlawyersgroup.com\/es\/quienes-somos\/heydi-judex-2\/#breadcrumb"},"inLanguage":"en-US","potentialAction":[{"@type":"ReadAction","target":["https:\/\/gonzalezlawyersgroup.com\/es\/quienes-somos\/heydi-judex-2\/"]}]},{"@type":"ImageObject","inLanguage":"en-US","@id":"https:\/\/gonzalezlawyersgroup.com\/es\/quienes-somos\/heydi-judex-2\/#primaryimage","url":"https:\/\/gonzalezlawyersgroup.com\/wp-content\/uploads\/2023\/09\/Heydi-Judex.jpg","contentUrl":"https:\/\/gonzalezlawyersgroup.com\/wp-content\/uploads\/2023\/09\/Heydi-Judex.jpg"},{"@type":"BreadcrumbList","@id":"https:\/\/gonzalezlawyersgroup.com\/es\/quienes-somos\/heydi-judex-2\/#breadcrumb","itemListElement":[{"@type":"ListItem","position":1,"name":"Home","item":"https:\/\/gonzalezlawyersgroup.com\/"},{"@type":"ListItem","position":2,"name":"Qui\u00e9nes somos","item":"https:\/\/gonzalezlawyersgroup.com\/es\/quienes-somos\/"},{"@type":"ListItem","position":3,"name":"Heydi Judex"}]},{"@type":"WebSite","@id":"https:\/\/gonzalezlawyersgroup.com\/es\/#website","url":"https:\/\/gonzalezlawyersgroup.com\/es\/","name":"Gonzalez Lawyers Group","description":"Asesor\u00edas Juridicas Integrales","publisher":{"@id":"https:\/\/gonzalezlawyersgroup.com\/es\/#organization"},"alternateName":"Gonzalez Lawyers Group","potentialAction":[{"@type":"SearchAction","target":{"@type":"EntryPoint","urlTemplate":"https:\/\/gonzalezlawyersgroup.com\/es\/?s={search_term_string}"},"query-input":{"@type":"PropertyValueSpecification","valueRequired":true,"valueName":"search_term_string"}}],"inLanguage":"en-US"},{"@type":"Organization","@id":"https:\/\/gonzalezlawyersgroup.com\/es\/#organization","name":"Gonzalez Lawyers Group","alternateName":"Gonzalez Lawyers Group","url":"https:\/\/gonzalezlawyersgroup.com\/es\/","logo":{"@type":"ImageObject","inLanguage":"en-US","@id":"https:\/\/gonzalezlawyersgroup.com\/es\/#\/schema\/logo\/image\/","url":"https:\/\/gonzalezlawyersgroup.com\/wp-content\/uploads\/2021\/02\/logo-glg-white-9.png","contentUrl":"https:\/\/gonzalezlawyersgroup.com\/wp-content\/uploads\/2021\/02\/logo-glg-white-9.png","width":191,"height":87,"caption":"Gonzalez Lawyers Group"},"image":{"@id":"https:\/\/gonzalezlawyersgroup.com\/es\/#\/schema\/logo\/image\/"}}]}},"_links":{"self":[{"href":"https:\/\/gonzalezlawyersgroup.com\/en\/wp-json\/wp\/v2\/pages\/1679","targetHints":{"allow":["GET"]}}],"collection":[{"href":"https:\/\/gonzalezlawyersgroup.com\/en\/wp-json\/wp\/v2\/pages"}],"about":[{"href":"https:\/\/gonzalezlawyersgroup.com\/en\/wp-json\/wp\/v2\/types\/page"}],"author":[{"embeddable":true,"href":"https:\/\/gonzalezlawyersgroup.com\/en\/wp-json\/wp\/v2\/users\/1"}],"replies":[{"embeddable":true,"href":"https:\/\/gonzalezlawyersgroup.com\/en\/wp-json\/wp\/v2\/comments?post=1679"}],"version-history":[{"count":19,"href":"https:\/\/gonzalezlawyersgroup.com\/en\/wp-json\/wp\/v2\/pages\/1679\/revisions"}],"predecessor-version":[{"id":1747,"href":"https:\/\/gonzalezlawyersgroup.com\/en\/wp-json\/wp\/v2\/pages\/1679\/revisions\/1747"}],"up":[{"embeddable":true,"href":"https:\/\/gonzalezlawyersgroup.com\/en\/wp-json\/wp\/v2\/pages\/11"}],"wp:attachment":[{"href":"https:\/\/gonzalezlawyersgroup.com\/en\/wp-json\/wp\/v2\/media?parent=1679"}],"curies":[{"name":"wp","href":"https:\/\/api.w.org\/{rel}","templated":true}]}}